{"id":6444,"date":"2023-10-27T12:53:38","date_gmt":"2023-10-27T16:53:38","guid":{"rendered":"http:\/\/www.manuelchantre.com\/?page_id=6444"},"modified":"2023-10-27T16:06:14","modified_gmt":"2023-10-27T20:06:14","slug":"monday-march-11-fr","status":"publish","type":"page","link":"https:\/\/www.manuelchantre.com\/fr\/monday-march-11-fr\/","title":{"rendered":"MONDAY, MARCH 11, 2013"},"content":{"rendered":"<p><span style=\"font-size: 30px;\">MONDAY, MARCH 11, 2013<\/span><\/p>\n<p>S\u00e9rie d&rsquo;oeuvres cr\u00e9\u00e9es essentiellement \u00e0 partir de photos, vid\u00e9os et d&rsquo;autres donn\u00e9es provenant d&rsquo;une carte m\u00e9moire d&rsquo;un t\u00e9l\u00e9phone portable que j&rsquo;ai trouv\u00e9. Je n&rsquo;ai jamais contact\u00e9 la propri\u00e9taire. Je laisse s&rsquo;\u00e9chouer les donn\u00e9es de ce t\u00e9l\u00e9phone devant les yeux de la personne qui regarde l&rsquo;\u0153uvre. Les donn\u00e9es num\u00e9riques existent par elles-m\u00eames. Une fois capt\u00e9es par les t\u00e9l\u00e9phones, elles sont transmises dans le Web et les r\u00e9seaux de communication. Comme une bouteille \u00e0 la mer, hors de la vue de son propri\u00e9taire, elles voyagent de longues distances avant d&rsquo;appara\u00eetre \u00e0 nouveau. Avec ces oeuvres, je souhaite cr\u00e9er une situation qui propose un regard po\u00e9tique, critique et morale sur le flux de donn\u00e9es personnelles qui se perdent dans le Web. La derni\u00e8re photo prise avec l&rsquo;appareil date du 11 mars 2013.<\/p>\n<p><strong>Collection: <\/strong>Collection priv\u00e9e<strong>,\u00a0<\/strong>Ville de Montr\u00e9al<\/p>\n<p><strong>Exemplaires:\u00a0<\/strong>Sculpture; 1 copie \/ 1 disponible,\u00a0 Impression; 12 copies \/ 6 disponibles, <a href=\"mailto:m@manuelchantre.com\">info<\/a>.<\/p>\n<p><strong>Expositions :<\/strong><br \/>\n&#8211; College Rosemont, Montr\u00e9al (CA), 2018<br \/>\n&#8211; Agence Topo, Performance et destruction des donn\u00e9es, Montr\u00e9al (CA), 2018<br \/>\n&#8211; Biennale internationale d&rsquo;art num\u00e9rique (BIAN), S\u00e9rie compl\u00e8te, Biblioth\u00e8que de Parc-Extension, Montr\u00e9al (CA),2016<br \/>\n&#8211; \u00c9cole Pierre-Laporte, Monday, March 11, 2013 (Sculpture I), Ville Mont-Royale (CA), 2016<\/p>\n<p><img loading=\"lazy\" decoding=\"async\" class=\"\" src=\"http:\/\/www.manuelchantre.com\/wp-content\/uploads\/2018\/01\/culture_com_qc_logo.png\" width=\"94\" height=\"29\" \/><img loading=\"lazy\" decoding=\"async\" class=\"\" src=\"http:\/\/www.manuelchantre.com\/wp-content\/uploads\/2018\/01\/BIAN_logo.png\" width=\"71\" height=\"40\" \/><img loading=\"lazy\" decoding=\"async\" class=\"\" src=\"http:\/\/www.manuelchantre.com\/wp-content\/uploads\/2018\/01\/elektra_logo.png\" width=\"97\" height=\"28\" \/><\/p>\n<p><span style=\"font-size: 20px;\">VIDEO I (2015)\u00a0<\/span><\/p>\n<p><iframe loading=\"lazy\" title=\"Monday, March 11, 2013 ( Video I )\" src=\"https:\/\/player.vimeo.com\/video\/140355954?dnt=1&amp;app_id=122963\" width=\"1170\" height=\"658\" frameborder=\"0\" allow=\"autoplay; fullscreen; picture-in-picture\"><\/iframe><\/p>\n<p>J&rsquo;ai enregistr\u00e9 la vid\u00e9o avec la cam\u00e9ra de mon t\u00e9l\u00e9phone en utilisant une lentille fluo rose. La vid\u00e9o originale jouait sur l&rsquo;\u00e9cran de mon ordinateur portable.<\/p>\n<p><strong>Technique:\u00a0<\/strong>Vid\u00e9o mono canale, lecteur DVD ou ordinateur, \u00e9cran ou projection vid\u00e9o, haut-parleurs<\/p>\n<p><strong>Dur\u00e9e:\u00a0<\/strong>00:04:40<\/p>\n<p><strong>Cr\u00e9\u00e9 en 2015<\/strong><\/p>\n<p><span style=\"font-size: 20px;\">SCULPTURE I (2015-2016)<\/span><\/p>\n<p><img decoding=\"async\" style=\"max-width: 100%;\" src=\"http:\/\/www.manuelchantre.com\/wp-content\/uploads\/2018\/01\/02_b_Monday-11-march-2013_Photo_Sebastien_Roy_crop.jpg\" \/><br \/>\nExposition \u00c9cole Pierre-Laporte, Monday, March 11, 2013 (Sculptue I), Ville Mont-Royale (CA), 2015. Photo : S\u00e9bastien Roy<br \/>\n<img decoding=\"async\" style=\"max-width: 100%;\" src=\"http:\/\/www.manuelchantre.com\/wp-content\/uploads\/2018\/01\/07_Monday-11-march-2013_Photo_Sebastien_Roy_crop.jpg\" \/><br \/>\nInternational Digital Art Biennial 2016, Monday, March 11, 2013, Biblioth\u00e8que de Parc-Extension , Montreal (CA), 2016. Photo : S\u00e9bastien Roy<br \/>\n<img decoding=\"async\" style=\"max-width: 100%;\" src=\"http:\/\/www.manuelchantre.com\/wp-content\/uploads\/2018\/01\/16_Monday-11-march-2013_Photo_Sebastien_Roy_crop.jpg\" \/><br \/>\nExposition \u00c9cole Pierre-Laporte, Monday, March 11, 2013 (Sculptue I), Ville Mont-Royale (CA), 2015. Photo : S\u00e9bastien Roy<\/p>\n<p>La premi\u00e8re sculpture est compos\u00e9e de pi\u00e8ces de t\u00e9l\u00e9phones non-fonctionnelles, pr\u00e9sent\u00e9es dans un agencement g\u00e9om\u00e9trique de plaques de miroirs, transparentes et fluorescentes. L&rsquo;oeuvre pr\u00e9sente trois visages issus de photos du t\u00e9l\u00e9phone perdu. La carte m\u00e9moire est suspendue au centre de la sculpture qui multiplie les images jusqu&rsquo;\u00e0 l&rsquo;infini par des effets miroirs, comme des donn\u00e9es copi\u00e9es, cach\u00e9es et visibles \u00e0 partir de plusieurs lieux simultan\u00e9ment.<\/p>\n<p>La sculpture de la s\u00e9rie a \u00e9t\u00e9 r\u00e9alis\u00e9e \u00e0 l&rsquo;hiver 2015 \u00e0 l&rsquo;\u00e9cole secondaire Pierre-Laporte. Sous le th\u00e8me de la confidentialit\u00e9 des donn\u00e9es priv\u00e9es emmagasin\u00e9es par les t\u00e9l\u00e9phones cellulaires. Les \u00e9l\u00e8ves ont cr\u00e9\u00e9 leurs propres sculptures et j&rsquo;ai cr\u00e9\u00e9 la mienne. Au fil de conf\u00e9rences avec les 600 \u00e9l\u00e8ves de l&rsquo;\u00e9cole, j&rsquo;ai pr\u00e9cis\u00e9 le propos de ma sculpture. Leur vision est pour moi int\u00e9ressante puisqu&rsquo;elle refl\u00e8te celle de la premi\u00e8re g\u00e9n\u00e9ration qui n&rsquo;a jamais connu le monde sans Internet ni t\u00e9l\u00e9phone cellulaire. L&rsquo;id\u00e9e d&rsquo;utiliser le contenu de la carte m\u00e9moire du t\u00e9l\u00e9phone perdu, les faisaient r\u00e9agir sur l&rsquo;aspect moral de mon geste.<\/p>\n<p><strong>Cr\u00e9\u00e9 en 2015-2016<\/strong><\/p>\n<p><strong>Technique:\u00a0<\/strong>Plexiglass assembl\u00e9 (miroir, miroir semi-transparent, fluo, transparent), pi\u00e8ces de t\u00e9l\u00e9phones cellulaires viss\u00e9es avec visses d&rsquo;origine, carte m\u00e9moire du t\u00e9l\u00e9phone perdu, plexiglass grav\u00e9 au laser. Option avec projection\u00a0vid\u00e9o: projecteur vid\u00e9o, haut-parleurs, fichiers audio-vid\u00e9o de 12min, lecteur multim\u00e9dia<\/p>\n<p><strong>Dimensions:\u00a0<\/strong>76cm x 60cm x 28cm<\/p>\n<p><span style=\"font-weight: 400;\"><strong>Exemplaire:<\/strong> 1 copie, disponible,\u00a0<\/span> <a href=\"mailto:m@manuelchantre.com\">info<\/a>.<\/p>\n<p><span style=\"font-size: 20px;\">GRAVURES I \u00c0 VII (2016)\u00a0<\/span><\/p>\n<table>\n<tbody>\n<tr>\n<td><img decoding=\"async\" style=\"max-width: 85%;\" src=\"http:\/\/www.manuelchantre.com\/wp-content\/uploads\/2018\/01\/Gravure_I_cropB.jpg\" \/><\/td>\n<td><img decoding=\"async\" style=\"max-width: 85%;\" src=\"http:\/\/www.manuelchantre.com\/wp-content\/uploads\/2018\/02\/Gravure_II_cropC.jpg\" \/><\/td>\n<td><img decoding=\"async\" style=\"max-width: 85%;\" src=\"http:\/\/www.manuelchantre.com\/wp-content\/uploads\/2018\/02\/Gravure_III_crop.jpg\" \/><\/td>\n<\/tr>\n<tr>\n<td>Gravure I, 1\/2 disponible, <a href=\"mailto:m@manuelchantre.com\">info<\/a>.<\/td>\n<td>Gravure II, 1\/2 disponible, <a href=\"mailto:m@manuelchantre.com\">info<\/a>.<\/td>\n<td>Gravure III,1\/1 disponible, <a href=\"mailto:m@manuelchantre.com\">info<\/a>.<\/td>\n<\/tr>\n<\/tbody>\n<tbody>\n<tr>\n<td><img decoding=\"async\" style=\"max-width: 85%;\" src=\"http:\/\/www.manuelchantre.com\/wp-content\/uploads\/2018\/02\/Gravure_IV_crop.jpg\" \/><\/td>\n<td><img decoding=\"async\" style=\"max-width: 85%;\" src=\"http:\/\/www.manuelchantre.com\/wp-content\/uploads\/2018\/01\/Gravure_V_cropb.jpg\" \/><\/td>\n<td><img decoding=\"async\" style=\"max-width: 85%;\" src=\"http:\/\/www.manuelchantre.com\/wp-content\/uploads\/2018\/02\/Gravure_VI_crop.jpg\" \/><\/td>\n<\/tr>\n<tr>\n<td>Gravure IV, 1\/2 disponible, <a href=\"mailto:m@manuelchantre.com\">info<\/a>.<\/td>\n<td>Gravure V, 1\/2 disponible, <a href=\"mailto:m@manuelchantre.com\">info<\/a>.<\/td>\n<td>Gravure VI, 0\/2 disponible, <a href=\"mailto:m@manuelchantre.com\">info<\/a>.<\/td>\n<\/tr>\n<tr>\n<td><img decoding=\"async\" src=\"http:\/\/www.manuelchantre.com\/wp-content\/uploads\/2018\/02\/30_Monday-11-march-2013_Photo_Sebastien_Roy_crop.jpg\" \/><\/td>\n<td><\/td>\n<\/tr>\n<tr>\n<td>Exposition \u00c9cole Pierre-Laporte, Monday, March 11, 2013, Ville Mont-Royale (CA), 2015. Photo : S\u00e9bastien Roy<\/td>\n<td><\/td>\n<\/tr>\n<\/tbody>\n<\/table>\n<p><img decoding=\"async\" style=\"max-width: 100%;\" src=\"http:\/\/www.manuelchantre.com\/wp-content\/uploads\/2018\/02\/31_Monday-11-march-2013_Photo_Sebastien_Roy_crop.jpg\" \/><br \/>\nExposition \u00c9cole Pierre-Laporte, Monday, March 11, 2013, Ville Mont-Royale (CA), 2015. Photo : S\u00e9bastien Roy<\/p>\n<p>Les gravures sont cr\u00e9\u00e9es \u00e0 partir de photographies et d&rsquo;extraits provenant d&rsquo;un travail scolaire \u00e9crit par l&rsquo;inconnue. Elle devait commenter des oeuvres au Mus\u00e9e d&rsquo;art contemporain de Montr\u00e9al et au Mus\u00e9e des beaux-arts de Montr\u00e9al. Son point de vue est ici utilis\u00e9 pour commenter ses propres images qui sont devenues des oeuvres d&rsquo;art. Je souhaite ainsi cr\u00e9er une situation qui n&rsquo;aurait jamais pu \u00eatre imagin\u00e9e par la propri\u00e9taire lorsqu&rsquo;elle a collect\u00e9 ses donn\u00e9es personnelles. Les donn\u00e9es s&rsquo;\u00e9chouent.<\/p>\n<p><strong>Cr\u00e9\u00e9 en 2016<\/strong><\/p>\n<p><strong>Technique:\u00a0<\/strong>Feuilles d\u2019acryliques lamin\u00e9es, acryliques (miroir, fluorescent et clair) grav\u00e9es au laser.<\/p>\n<p><strong>Dimensions:\u00a0<\/strong>27cm x 48cm x 3,4 cm<\/p>\n<p><strong>Exemplaires:\u00a0<\/strong>3 copies de chaque impression, disponible, <a href=\"mailto:m@manuelchantre.com\">info<\/a>.<\/p>\n<p><b>Collection: <\/b><span style=\"font-weight: 400;\">Ville de Montr\u00e9al, collection priv\u00e9e.<\/span><\/p>\n<p><strong>Exemplaires:\u00a0<\/strong>14 copies\u00a0\/ 8 disponible, <a href=\"mailto:m@manuelchantre.com\">info<\/a>.<\/p>\n<p><b>Presses:\u00a0<\/b><br \/>\n&#8211; <a href=\"http:\/\/www.manuelchantre.com\/wp-content\/uploads\/2016\/08\/Bibliothe%CC%80que-de-Parc-Extension-CA-Le-Vadrouilleur-urbain.pdf\">Mention<\/a>, Le Vadrouilleur Urbain, Monday, March 11, 2013, Montr\u00e9al (CA)<br \/>\n&#8211; <a href=\" http:\/\/www.manuelchantre.com\/wp-content\/uploads\/2016\/08\/du-30-mai-au-5-juin-2016-.pdf\"> Mention<\/a>, Montreal City Crunch, Monday, March 11, 2013, Montr\u00e9al (CA)<br \/>\n&#8211; <a href=\"http:\/\/www.manuelchantre.com\/wp-content\/uploads\/2016\/08\/Exhibition-@-Biennale-internationale-dart-nume%CC%81rique-de-Montre%CC%81al-2016-Baron-Mag.pdf \">Mention<\/a>, Baron Mag, Monday, March 11, 2013, Montr\u00e9al (CA)<br \/>\n&#8211; <a href=\" http:\/\/www.manuelchantre.com\/wp-content\/uploads\/2016\/08\/l%E2%80%99art-fait-par-les-machines-pour-les-machines.pdf \"> Mention<\/a>, Carnet d\u2019une R\u00e9unionnaise, Monday, March 11, Montr\u00e9al (CA)<br \/>\n&#8211; <a href=\"http:\/\/www.manuelchantre.com\/wp-content\/uploads\/2016\/08\/le-portail-des-professionnels-du-nume%CC%81rique-au-Que%CC%81bec.pdf \"> Mention<\/a>, Entrevue vid\u00e9o Lien Multim\u00e9dia, Monday, March 11, 2013, Montr\u00e9al (CA)<br \/>\n&#8211; <a href=\"http:\/\/www.manuelchantre.com\/wp-content\/uploads\/2016\/08\/Monday-March-11-2013.pdf \"> Article<\/a>, Digicult, Monday, March 11, 2013, Milan (IT)<br \/>\n&#8211; <a href=\"http:\/\/www.manuelchantre.com\/wp-content\/uploads\/2016\/08\/Monday-March-11-2013-on-display-at-the-2016-International-Digital-Art-Biennial-of-Montreal-Canadian-Interiors.pdf \"> Mention<\/a>, Interiors, Monday, March 11, 2013, Toronto (CA)<br \/>\n&#8211; <a href=\"http:\/\/www.manuelchantre.com\/wp-content\/uploads\/2016\/08\/ATUVU_BIAN-2016-Manuel-Chantre.pdf \"> Mention<\/a>, Atuvu, Monday, March 11, 2013, Montr\u00e9al (CA)<br \/>\n&#8211; <a href=\" http:\/\/www.manuelchantre.com\/wp-content\/uploads\/2016\/08\/CALENDRIER_CULTUREL_HP2016.pdf \">Mention<\/a>, Calendrier Culturel Hiver\/Printemps 2016, Monday, March 11, 2013, Montr\u00e9al(CA)<br \/>\n&#8211; <a href=\"http:\/\/www.manuelchantre.com\/wp-content\/uploads\/2016\/08\/Des-activite%CC%81s-de-me%CC%81diation-culturelle-en-arts-nume%CC%81riques-pre%CC%80s-de-chez-vous-La-me%CC%81diation-culturelle-a%CC%80-la-Ville-de-Montre%CC%81al.pdf\" target=\"_blank\" rel=\"noopener noreferrer\">Mention<\/a>, Montr\u00e9al M\u00e9diation Culturelle, Monday, March 11, 2013, Montr\u00e9al (CA)<br \/>\n&#8211; <a href=\"http:\/\/www.manuelchantre.com\/wp-content\/uploads\/2016\/08\/DIGITAL-ART-AN-Arredamento-Negozi-Retail-Design-News.pdf\" target=\"_blank\" rel=\"noopener noreferrer\"> Mention<\/a>, Retail Design News, Monday, March 11, 2013, Ispra (IT)<br \/>\n&#8211; <a href=\"http:\/\/www.manuelchantre.com\/wp-content\/uploads\/2016\/08\/Exposition-de-Manuel-Chantre-Monday-March-11-2013-%E2%80%93-Heyevent.com_.pdf\" target=\"_blank\" rel=\"noopener noreferrer\"> Mention<\/a>, Heyevent, Monday, March 11, 2013, (Web)<br \/>\n&#8211; <a href=\"http:\/\/www.manuelchantre.com\/wp-content\/uploads\/2016\/08\/Manuel-Chantre-la-de%CC%81sacralisation-du-cellulaire-Printemps-Nume%CC%81rique.pdf \" target=\"_blank\" rel=\"noopener noreferrer\"> Article<\/a>, Printemps Num\u00e9rique, Monday, March 11, 2013, Montr\u00e9al (CA)<br \/>\n&#8211; <a href=\"http:\/\/www.manuelchantre.com\/wp-content\/uploads\/2016\/08\/Manuel-Chantre-exhibe-su-obra-titulada-Monday-March-11-2013-en-la-BIAN-2016-de-Montre%CC%81al-SAPIENSA.pdf\" target=\"_blank\" rel=\"noopener noreferrer\"> Mention<\/a>, Sapiensa, Monday, March 11, 2013, Mexico (MX)<br \/>\n&#8211; <a href=\"http:\/\/www.manuelchantre.com\/wp-content\/uploads\/2016\/08\/Vernissage-de-Manuel-Chantre-dans-le-cadre-de-la-BIAN-Agenda-PR.pdf\" target=\"_blank\" rel=\"noopener noreferrer\">Mention <\/a>, AgendaPr, Monday, March 11, 2013, Mont\u00e9ral, (CA)<br \/>\n&#8211; <a href=\"http:\/\/www.manuelchantre.com\/wp-content\/uploads\/2016\/08\/24HEURES_JEU16JUIN2016-4.pdf \" target=\"_blank\" rel=\"noopener noreferrer\">Mention<\/a>, 24 Heures, Monday, March 11, 2013, Montr\u00e9al (CA)<br \/>\n&#8211; <a href=\"http:\/\/www.manuelchantre.com\/wp-content\/uploads\/2016\/08\/24HEURES_MAR7JUIN2016-4.pdf \" target=\"_blank\" rel=\"noopener noreferrer\"> Mention<\/a>, 24 Heures, Monday, March 11, 2013, Montr\u00e9al (CA)<\/p>\n<p><strong>Cr\u00e9dits<\/strong><br \/>\nAssistant \u00e0 la production: \u00c9mile Foucher<\/p>\n<p>La premi\u00e8re sculpture de la s\u00e9rie a \u00e9t\u00e9 r\u00e9alis\u00e9es dans le cadre du programme La culture \u00e0 l\u2019\u00e9cole du minist\u00e8re de la Culture et des Communications du Qu\u00e9bec. L&rsquo;exposition \u00e0 la BIAN 2016 est pr\u00e9sent\u00e9e gr\u00e2ce \u00e0 la BIAN, Elektra et la Ville de Montr\u00e9al<\/p>\n<p><img loading=\"lazy\" decoding=\"async\" class=\"\" src=\"http:\/\/www.manuelchantre.com\/wp-content\/uploads\/2018\/01\/culture_com_qc_logo.png\" width=\"97\" height=\"30\" \/><img loading=\"lazy\" decoding=\"async\" class=\"\" src=\"http:\/\/www.manuelchantre.com\/wp-content\/uploads\/2018\/01\/BIAN_logo.png\" width=\"69\" height=\"39\" \/><img loading=\"lazy\" decoding=\"async\" class=\"\" src=\"http:\/\/www.manuelchantre.com\/wp-content\/uploads\/2018\/01\/elektra_logo.png\" width=\"100\" height=\"29\" \/><\/p>\n<p><!-- Google tag (gtag.js) --><br \/>\n<script async src=\"https:\/\/www.googletagmanager.com\/gtag\/js?id=G-G0RLQ9LR4N\"><\/script><br \/>\n<script>\n  window.dataLayer = window.dataLayer || [];\n  function gtag(){dataLayer.push(arguments);}\n  gtag('js', new Date());<\/p>\n<p>  gtag('config', 'G-G0RLQ9LR4N');\n<\/script><\/p>\n","protected":false},"excerpt":{"rendered":"<p>MONDAY, MARCH 11, 2013 S\u00e9rie d&rsquo;oeuvres cr\u00e9\u00e9es essentiellement \u00e0 partir de photos, vid\u00e9os et d&rsquo;autres donn\u00e9es provenant d&rsquo;une carte m\u00e9moire d&rsquo;un t\u00e9l\u00e9phone portable que j&rsquo;ai trouv\u00e9. Je n&rsquo;ai jamais contact\u00e9 la propri\u00e9taire. Je laisse s&rsquo;\u00e9chouer les donn\u00e9es de ce t\u00e9l\u00e9phone devant les yeux de la personne qui regarde l&rsquo;\u0153uvre. Les donn\u00e9es num\u00e9riques existent par elles-m\u00eames.<\/p>\n","protected":false},"author":1,"featured_media":0,"parent":0,"menu_order":0,"comment_status":"closed","ping_status":"closed","template":"","meta":{"om_disable_all_campaigns":false,"_monsterinsights_skip_tracking":false,"_monsterinsights_sitenote_active":false,"_monsterinsights_sitenote_note":"","_monsterinsights_sitenote_category":0,"footnotes":""},"class_list":["post-6444","page","type-page","status-publish","hentry"],"aioseo_notices":[],"_links":{"self":[{"href":"https:\/\/www.manuelchantre.com\/fr\/wp-json\/wp\/v2\/pages\/6444","targetHints":{"allow":["GET"]}}],"collection":[{"href":"https:\/\/www.manuelchantre.com\/fr\/wp-json\/wp\/v2\/pages"}],"about":[{"href":"https:\/\/www.manuelchantre.com\/fr\/wp-json\/wp\/v2\/types\/page"}],"author":[{"embeddable":true,"href":"https:\/\/www.manuelchantre.com\/fr\/wp-json\/wp\/v2\/users\/1"}],"replies":[{"embeddable":true,"href":"https:\/\/www.manuelchantre.com\/fr\/wp-json\/wp\/v2\/comments?post=6444"}],"version-history":[{"count":3,"href":"https:\/\/www.manuelchantre.com\/fr\/wp-json\/wp\/v2\/pages\/6444\/revisions"}],"predecessor-version":[{"id":6511,"href":"https:\/\/www.manuelchantre.com\/fr\/wp-json\/wp\/v2\/pages\/6444\/revisions\/6511"}],"wp:attachment":[{"href":"https:\/\/www.manuelchantre.com\/fr\/wp-json\/wp\/v2\/media?parent=6444"}],"curies":[{"name":"wp","href":"https:\/\/api.w.org\/{rel}","templated":true}]}}