{"id":6450,"date":"2023-10-27T13:20:58","date_gmt":"2023-10-27T17:20:58","guid":{"rendered":"http:\/\/www.manuelchantre.com\/?page_id=6450"},"modified":"2023-10-27T15:57:37","modified_gmt":"2023-10-27T19:57:37","slug":"couleurs-perpetuelles","status":"publish","type":"page","link":"http:\/\/www.manuelchantre.com\/fr\/couleurs-perpetuelles\/","title":{"rendered":"COULEURS PERP\u00c9TUELLES"},"content":{"rendered":"<p><\/br>L&rsquo;\u0153uvre publique et sculpture de mapping vid\u00e9o est une commande de la Soci\u00e9t\u00e9 des arts technologiques pour son 25e anniversaire. La fresque se veut un voyage \u00e0 travers les m\u00e9moires de la SAT. Elle c\u00e9l\u00e8bre le r\u00f4le majeur qu\u2019a eu la SAT pour rassembler les communaut\u00e9s qui se situent \u00e0 la crois\u00e9e des arts, de la culture et de l\u2019innovation technologique \u00e0 Montr\u00e9al et \u00e0 l\u2019international.<\/p>\n<p>La composition abstraite a \u00e9t\u00e9 cr\u00e9\u00e9e \u00e0 partir d\u2019une s\u00e9lection d\u2019affiches d\u2019\u00e9v\u00e9nements qui ont \u00e9t\u00e9 pr\u00e9sent\u00e9s \u00e0 la SAT de 1996 \u00e0 2021. Diff\u00e9rentes approches des arts num\u00e9riques qui ont marqu\u00e9 ces \u00e9poques sont ici utilis\u00e9es telles que le mappage vid\u00e9o, l\u2019art optique, l\u2019Intelligence artificielle et la 3D, tout en combinant une approche plastique sculpturale. L\u2019intelligence artificielle permet d\u2019analyser les affiches pour en g\u00e9n\u00e9rer de nouvelles, comme une m\u00e9moire qui transforme les souvenirs. Entrem\u00eal\u00e9s aux affiches originales, les diff\u00e9rents tableaux pr\u00e9senteront des couleurs et m\u00e9moires en mouvement. L\u2019utilisation d\u2019affiches comme mati\u00e8re de cr\u00e9ation est un clin d\u2019\u0153il \u00e0 l\u2019importance du design graphique et des affiches d\u2019\u00e9v\u00e9nements dans l\u2019histoire de la SAT. L&rsquo;\u0153uvre rassembleuse permet au public de se rem\u00e9morer ces \u00e9v\u00e9nements qu\u2019il aurait connus. Nous souhaitons que la murale cr\u00e9e des ponts, des liens et des connexions entre les gens qui ont habit\u00e9 la SAT et ses diff\u00e9rentes couleurs qui la traversent.<\/p>\n<p><iframe loading=\"lazy\" title=\"Making of - Couleurs Perp\u00e9tuelles (2022)\" src=\"https:\/\/player.vimeo.com\/video\/760594272?dnt=1&amp;app_id=122963\" width=\"1170\" height=\"658\" frameborder=\"0\" allow=\"autoplay; fullscreen; picture-in-picture\"><\/iframe><\/p>\n<p><img loading=\"lazy\" decoding=\"async\" class=\"alignleft size-full wp-image-6348\" src=\"http:\/\/www.manuelchantre.com\/wp-content\/uploads\/2023\/10\/Couleurs_PerpetuellesPhotochredit_Manuel_Chantre_01-2-scaled.jpg\" alt=\"\" width=\"2560\" height=\"1440\" srcset=\"http:\/\/www.manuelchantre.com\/wp-content\/uploads\/2023\/10\/Couleurs_PerpetuellesPhotochredit_Manuel_Chantre_01-2-scaled.jpg 2560w, http:\/\/www.manuelchantre.com\/wp-content\/uploads\/2023\/10\/Couleurs_PerpetuellesPhotochredit_Manuel_Chantre_01-2-300x169.jpg 300w, http:\/\/www.manuelchantre.com\/wp-content\/uploads\/2023\/10\/Couleurs_PerpetuellesPhotochredit_Manuel_Chantre_01-2-1024x576.jpg 1024w, http:\/\/www.manuelchantre.com\/wp-content\/uploads\/2023\/10\/Couleurs_PerpetuellesPhotochredit_Manuel_Chantre_01-2-768x432.jpg 768w, http:\/\/www.manuelchantre.com\/wp-content\/uploads\/2023\/10\/Couleurs_PerpetuellesPhotochredit_Manuel_Chantre_01-2-1536x864.jpg 1536w, http:\/\/www.manuelchantre.com\/wp-content\/uploads\/2023\/10\/Couleurs_PerpetuellesPhotochredit_Manuel_Chantre_01-2-2048x1152.jpg 2048w, http:\/\/www.manuelchantre.com\/wp-content\/uploads\/2023\/10\/Couleurs_PerpetuellesPhotochredit_Manuel_Chantre_01-2-280x157.jpg 280w, http:\/\/www.manuelchantre.com\/wp-content\/uploads\/2023\/10\/Couleurs_PerpetuellesPhotochredit_Manuel_Chantre_01-2-1170x658.jpg 1170w\" sizes=\"auto, (max-width: 2560px) 100vw, 2560px\" \/><\/p>\n<p>Soci\u00e9t\u00e9 des arts technologiques, Montr\u00e9al (CA), 2022. Photo: Manuel Chantre<\/p>\n<p><img loading=\"lazy\" decoding=\"async\" class=\"alignleft size-full wp-image-6350\" src=\"http:\/\/www.manuelchantre.com\/wp-content\/uploads\/2023\/10\/Couleurs_PerpetuellesPhotochredit_Manuel_Chantre_04-scaled.jpg\" alt=\"\" width=\"2560\" height=\"1440\" srcset=\"http:\/\/www.manuelchantre.com\/wp-content\/uploads\/2023\/10\/Couleurs_PerpetuellesPhotochredit_Manuel_Chantre_04-scaled.jpg 2560w, http:\/\/www.manuelchantre.com\/wp-content\/uploads\/2023\/10\/Couleurs_PerpetuellesPhotochredit_Manuel_Chantre_04-300x169.jpg 300w, http:\/\/www.manuelchantre.com\/wp-content\/uploads\/2023\/10\/Couleurs_PerpetuellesPhotochredit_Manuel_Chantre_04-1024x576.jpg 1024w, http:\/\/www.manuelchantre.com\/wp-content\/uploads\/2023\/10\/Couleurs_PerpetuellesPhotochredit_Manuel_Chantre_04-768x432.jpg 768w, http:\/\/www.manuelchantre.com\/wp-content\/uploads\/2023\/10\/Couleurs_PerpetuellesPhotochredit_Manuel_Chantre_04-1536x864.jpg 1536w, http:\/\/www.manuelchantre.com\/wp-content\/uploads\/2023\/10\/Couleurs_PerpetuellesPhotochredit_Manuel_Chantre_04-2048x1152.jpg 2048w, http:\/\/www.manuelchantre.com\/wp-content\/uploads\/2023\/10\/Couleurs_PerpetuellesPhotochredit_Manuel_Chantre_04-280x157.jpg 280w, http:\/\/www.manuelchantre.com\/wp-content\/uploads\/2023\/10\/Couleurs_PerpetuellesPhotochredit_Manuel_Chantre_04-1170x658.jpg 1170w\" sizes=\"auto, (max-width: 2560px) 100vw, 2560px\" \/><\/p>\n<p>Soci\u00e9t\u00e9 des arts technologiques, Montr\u00e9al (CA), 2022. Photo: Manuel Chantre<\/p>\n<p><img loading=\"lazy\" decoding=\"async\" class=\"alignleft size-full wp-image-6352\" src=\"http:\/\/www.manuelchantre.com\/wp-content\/uploads\/2023\/10\/Couleurs_PerpetuellesPhotochredit_Manuel_Chantre_03-scaled.jpg\" alt=\"\" width=\"2560\" height=\"1440\" srcset=\"http:\/\/www.manuelchantre.com\/wp-content\/uploads\/2023\/10\/Couleurs_PerpetuellesPhotochredit_Manuel_Chantre_03-scaled.jpg 2560w, http:\/\/www.manuelchantre.com\/wp-content\/uploads\/2023\/10\/Couleurs_PerpetuellesPhotochredit_Manuel_Chantre_03-300x169.jpg 300w, http:\/\/www.manuelchantre.com\/wp-content\/uploads\/2023\/10\/Couleurs_PerpetuellesPhotochredit_Manuel_Chantre_03-1024x576.jpg 1024w, http:\/\/www.manuelchantre.com\/wp-content\/uploads\/2023\/10\/Couleurs_PerpetuellesPhotochredit_Manuel_Chantre_03-768x432.jpg 768w, http:\/\/www.manuelchantre.com\/wp-content\/uploads\/2023\/10\/Couleurs_PerpetuellesPhotochredit_Manuel_Chantre_03-1536x864.jpg 1536w, http:\/\/www.manuelchantre.com\/wp-content\/uploads\/2023\/10\/Couleurs_PerpetuellesPhotochredit_Manuel_Chantre_03-2048x1152.jpg 2048w, http:\/\/www.manuelchantre.com\/wp-content\/uploads\/2023\/10\/Couleurs_PerpetuellesPhotochredit_Manuel_Chantre_03-280x157.jpg 280w, http:\/\/www.manuelchantre.com\/wp-content\/uploads\/2023\/10\/Couleurs_PerpetuellesPhotochredit_Manuel_Chantre_03-1170x658.jpg 1170w\" sizes=\"auto, (max-width: 2560px) 100vw, 2560px\" \/><\/p>\n<p>Soci\u00e9t\u00e9 des arts technologiques, Montr\u00e9al (CA), 2022. Photo: Manuel Chantre<\/p>\n<p><img loading=\"lazy\" decoding=\"async\" class=\"alignleft size-full wp-image-6356\" src=\"http:\/\/www.manuelchantre.com\/wp-content\/uploads\/2023\/10\/Couleurs_PerpetuellesPhotochredit_Manuel_Chantre_02-scaled.jpg\" alt=\"\" width=\"2560\" height=\"1440\" srcset=\"http:\/\/www.manuelchantre.com\/wp-content\/uploads\/2023\/10\/Couleurs_PerpetuellesPhotochredit_Manuel_Chantre_02-scaled.jpg 2560w, http:\/\/www.manuelchantre.com\/wp-content\/uploads\/2023\/10\/Couleurs_PerpetuellesPhotochredit_Manuel_Chantre_02-300x169.jpg 300w, http:\/\/www.manuelchantre.com\/wp-content\/uploads\/2023\/10\/Couleurs_PerpetuellesPhotochredit_Manuel_Chantre_02-1024x576.jpg 1024w, http:\/\/www.manuelchantre.com\/wp-content\/uploads\/2023\/10\/Couleurs_PerpetuellesPhotochredit_Manuel_Chantre_02-768x432.jpg 768w, http:\/\/www.manuelchantre.com\/wp-content\/uploads\/2023\/10\/Couleurs_PerpetuellesPhotochredit_Manuel_Chantre_02-1536x864.jpg 1536w, http:\/\/www.manuelchantre.com\/wp-content\/uploads\/2023\/10\/Couleurs_PerpetuellesPhotochredit_Manuel_Chantre_02-2048x1152.jpg 2048w, http:\/\/www.manuelchantre.com\/wp-content\/uploads\/2023\/10\/Couleurs_PerpetuellesPhotochredit_Manuel_Chantre_02-280x157.jpg 280w, http:\/\/www.manuelchantre.com\/wp-content\/uploads\/2023\/10\/Couleurs_PerpetuellesPhotochredit_Manuel_Chantre_02-1170x658.jpg 1170w\" sizes=\"auto, (max-width: 2560px) 100vw, 2560px\" \/><\/p>\n<p>Soci\u00e9t\u00e9 des arts technologiques, Montr\u00e9al (CA), 2022. Photo: Manuel Chantre<\/p>\n<p><strong>Cr\u00e9\u00e9 en 2022<\/strong><\/p>\n<p><strong>Technique: <\/strong>Projecteur vid\u00e9o, ordinateur, logiciel multim\u00e9dia, bois et acier.<\/p>\n<p><strong>Dimensions: <\/strong><span lang=\"fr-CA\">190 x 125 x 18 pouces \/ 482 x 317 x 45 cm<\/span><\/p>\n<p><strong>Cr\u00e9dits: <\/strong>Concept, direction artistique et de production, montage vid\u00e9o\u00a0: Manuel Chantre \/ Direction artistique et \u00e0 la r\u00e9alisation, fabrication, installation, montage vid\u00e9o: S\u00e9bastien Lafleur \/ Cr\u00e9ation 3D, montage vid\u00e9o\u00a0: Audrey-Anne Whittom \/ Programmation intelligence artificielle\u00a0: Gabriel Tremblay Grenier \/ Montage vid\u00e9o\u00a0: Maxime Girard<\/p>\n<p>Ce projet a \u00e9t\u00e9 r\u00e9alis\u00e9 par le support de la Ville de Montr\u00e9al et de la Soci\u00e9t\u00e9 des arts technologiques<span style=\"color: initial;\">.<\/span><\/p>\n<p><img loading=\"lazy\" decoding=\"async\" title=\"SAT_logo_fr\" src=\"http:\/\/www.manuelchantre.com\/wp-content\/uploads\/2014\/06\/SAT_logo_fr.jpg\" alt=\"SAT_logo_fr\" width=\"79\" height=\"50\" \/><\/p>\n<p><!-- Google tag (gtag.js) --><script async src=\"https:\/\/www.googletagmanager.com\/gtag\/js?id=G-G0RLQ9LR4N\"><\/script> <script><br \/>\n  window.dataLayer = window.dataLayer || [];<br \/>\n  function gtag(){dataLayer.push(arguments);}<br \/>\n  gtag('js', new Date());<\/p>\n<p>  gtag('config', 'G-G0RLQ9LR4N');<br \/>\n<\/script><\/p>\n","protected":false},"excerpt":{"rendered":"<p>L&rsquo;\u0153uvre publique et sculpture de mapping vid\u00e9o est une commande de la Soci\u00e9t\u00e9 des arts technologiques pour son 25e anniversaire. La fresque se veut un voyage \u00e0 travers les m\u00e9moires de la SAT. Elle c\u00e9l\u00e8bre le r\u00f4le majeur qu\u2019a eu la SAT pour rassembler les communaut\u00e9s qui se situent \u00e0 la crois\u00e9e des arts, de<\/p>\n","protected":false},"author":1,"featured_media":0,"parent":0,"menu_order":0,"comment_status":"closed","ping_status":"closed","template":"","meta":{"om_disable_all_campaigns":false,"_monsterinsights_skip_tracking":false,"_monsterinsights_sitenote_active":false,"_monsterinsights_sitenote_note":"","_monsterinsights_sitenote_category":0,"footnotes":""},"class_list":["post-6450","page","type-page","status-publish","hentry"],"aioseo_notices":[],"_links":{"self":[{"href":"http:\/\/www.manuelchantre.com\/fr\/wp-json\/wp\/v2\/pages\/6450","targetHints":{"allow":["GET"]}}],"collection":[{"href":"http:\/\/www.manuelchantre.com\/fr\/wp-json\/wp\/v2\/pages"}],"about":[{"href":"http:\/\/www.manuelchantre.com\/fr\/wp-json\/wp\/v2\/types\/page"}],"author":[{"embeddable":true,"href":"http:\/\/www.manuelchantre.com\/fr\/wp-json\/wp\/v2\/users\/1"}],"replies":[{"embeddable":true,"href":"http:\/\/www.manuelchantre.com\/fr\/wp-json\/wp\/v2\/comments?post=6450"}],"version-history":[{"count":5,"href":"http:\/\/www.manuelchantre.com\/fr\/wp-json\/wp\/v2\/pages\/6450\/revisions"}],"predecessor-version":[{"id":6498,"href":"http:\/\/www.manuelchantre.com\/fr\/wp-json\/wp\/v2\/pages\/6450\/revisions\/6498"}],"wp:attachment":[{"href":"http:\/\/www.manuelchantre.com\/fr\/wp-json\/wp\/v2\/media?parent=6450"}],"curies":[{"name":"wp","href":"https:\/\/api.w.org\/{rel}","templated":true}]}}