{"id":5258,"date":"2019-08-17T22:02:00","date_gmt":"2019-08-18T02:02:00","guid":{"rendered":"http:\/\/www.manuelchantre.com\/?page_id=5258"},"modified":"2023-10-27T16:02:00","modified_gmt":"2023-10-27T20:02:00","slug":"isochrone-fr","status":"publish","type":"page","link":"http:\/\/www.manuelchantre.com\/fr\/isochrone-fr\/","title":{"rendered":"Isochrone"},"content":{"rendered":"<p><span style=\"font-size: 30px;\">ISOCHRONE<\/span><\/p>\n<p>S\u00e9rie de sculptures de lumi\u00e8res-vid\u00e9os inspir\u00e9es du cercle en mouvement comme un principe de croissance chez certains v\u00e9g\u00e9taux. Isochrone &#8211; qui a la m\u00eame dur\u00e9e qu&rsquo;un autre ph\u00e9nom\u00e8ne &#8211; s&rsquo;exprime autant par la forme de la sculpture que par le mouvement lumineux. Les deux ont \u00e9t\u00e9 g\u00e9n\u00e9r\u00e9s \u00e0 l&rsquo;aide de formules math\u00e9matiques du cercle et de la spirale. C&rsquo;est le cercle et son cycle qui unit les deux m\u00e9diums.<\/p>\n<p>La d\u00e9marche s&rsquo;inspire de la suite de Fibonacci, une s\u00e9rie de chiffres qui exprime la croissance en forme de spirale de v\u00e9g\u00e9taux, comme les pommes de pin ou les \u00e9cailles d&rsquo;ananas. C&rsquo;est par des ateliers d&rsquo;introduction aux arts num\u00e9riques, de vid\u00e9o mapping, de d\u00e9coupe laser et de design param\u00e9trique que les sculptures ont \u00e9t\u00e9 cr\u00e9es avec les \u00e9tudiants du C\u00e9gep Andr\u00e9-Laurendeau \u00e0 l&rsquo;hiver 2019.<\/p>\n<p><img loading=\"lazy\" decoding=\"async\" src=\"http:\/\/www.manuelchantre.com\/wp-content\/uploads\/2019\/08\/quebec_noir_siteweb.jpg\" width=\"90\" height=\"60\" \/><img loading=\"lazy\" decoding=\"async\" src=\"http:\/\/www.manuelchantre.com\/wp-content\/uploads\/2017\/05\/cegepandrelaurendeau.jpg\" width=\"90\" height=\"60\" \/><\/p>\n<p><iframe loading=\"lazy\" title=\"ISOCHRONE\" src=\"https:\/\/player.vimeo.com\/video\/535573224?dnt=1&amp;app_id=122963\" width=\"1170\" height=\"658\" frameborder=\"0\" allow=\"autoplay; fullscreen; picture-in-picture\"><\/iframe><\/p>\n<p><strong>Edition:\u00a0\u00a0<\/strong><br \/>Sculpture I: 1 copie\/1 disponible<br \/>Sculpture II: 1 copie\/1 disponible <a href=\"mailto:m@manuelchantre.com\">info<\/a>.<\/p>\n<p><strong>Expositions:\u00a0\u00a0<\/strong><br \/>&#8211; Rendez-vous Qu\u00e9bec Cin\u00e9ma,Cin\u00e9math\u00e8que Qu\u00e9b\u00e9coise, Montr\u00e9al (CA), 2020<br \/>&#8211; MAPP_MTL, Never Apart, Montr\u00e9al (CA), 2020-2019<br \/>&#8211; Maison de la cutlture Marie-Uguay, Montr\u00e9al (CA), 2019<\/p>\n\n\n<figure class=\"wp-block-image size-large\"><img loading=\"lazy\" decoding=\"async\" width=\"1024\" height=\"683\" src=\"http:\/\/www.manuelchantre.com\/wp-content\/uploads\/2022\/10\/ISOCHRONE_23_Photo_Credit_Manuel_Chantre_4-1024x683.jpg\" alt=\"\" class=\"wp-image-6255\" srcset=\"http:\/\/www.manuelchantre.com\/wp-content\/uploads\/2022\/10\/ISOCHRONE_23_Photo_Credit_Manuel_Chantre_4-1024x683.jpg 1024w, http:\/\/www.manuelchantre.com\/wp-content\/uploads\/2022\/10\/ISOCHRONE_23_Photo_Credit_Manuel_Chantre_4-300x200.jpg 300w, http:\/\/www.manuelchantre.com\/wp-content\/uploads\/2022\/10\/ISOCHRONE_23_Photo_Credit_Manuel_Chantre_4-768x512.jpg 768w, http:\/\/www.manuelchantre.com\/wp-content\/uploads\/2022\/10\/ISOCHRONE_23_Photo_Credit_Manuel_Chantre_4-1536x1025.jpg 1536w, http:\/\/www.manuelchantre.com\/wp-content\/uploads\/2022\/10\/ISOCHRONE_23_Photo_Credit_Manuel_Chantre_4-280x187.jpg 280w, http:\/\/www.manuelchantre.com\/wp-content\/uploads\/2022\/10\/ISOCHRONE_23_Photo_Credit_Manuel_Chantre_4-1170x781.jpg 1170w, http:\/\/www.manuelchantre.com\/wp-content\/uploads\/2022\/10\/ISOCHRONE_23_Photo_Credit_Manuel_Chantre_4.jpg 1920w\" sizes=\"auto, (max-width: 1024px) 100vw, 1024px\" \/><figcaption class=\"wp-element-caption\">Rendez-vous Qu\u00e9bec Cin\u00e9ma,Cin\u00e9math\u00e8que Qu\u00e9b\u00e9coise, Montr\u00e9al (CA), 2020 <br><br><img decoding=\"async\" src=\"http:\/\/www.manuelchantre.com\/wp-content\/uploads\/2022\/10\/ISOCHRONE_10_Photo_Credit_Manuel_Chantre_v2-1024x605.jpg\" alt=\"\"><br>Rendez-vous Qu\u00e9bec Cin\u00e9ma,Cin\u00e9math\u00e8que Qu\u00e9b\u00e9coise, Montr\u00e9al (CA), 2020<\/figcaption><\/figure>\n\n\n\n<figure class=\"wp-block-image size-large\"><img loading=\"lazy\" decoding=\"async\" width=\"1024\" height=\"575\" src=\"http:\/\/www.manuelchantre.com\/wp-content\/uploads\/2022\/10\/ISOCHRONE_08_Photo_Credit_Manuel_Chantre-1024x575.jpg\" alt=\"\" class=\"wp-image-6259\" srcset=\"http:\/\/www.manuelchantre.com\/wp-content\/uploads\/2022\/10\/ISOCHRONE_08_Photo_Credit_Manuel_Chantre-1024x575.jpg 1024w, http:\/\/www.manuelchantre.com\/wp-content\/uploads\/2022\/10\/ISOCHRONE_08_Photo_Credit_Manuel_Chantre-300x169.jpg 300w, http:\/\/www.manuelchantre.com\/wp-content\/uploads\/2022\/10\/ISOCHRONE_08_Photo_Credit_Manuel_Chantre-768x432.jpg 768w, http:\/\/www.manuelchantre.com\/wp-content\/uploads\/2022\/10\/ISOCHRONE_08_Photo_Credit_Manuel_Chantre-1536x863.jpg 1536w, http:\/\/www.manuelchantre.com\/wp-content\/uploads\/2022\/10\/ISOCHRONE_08_Photo_Credit_Manuel_Chantre-280x157.jpg 280w, http:\/\/www.manuelchantre.com\/wp-content\/uploads\/2022\/10\/ISOCHRONE_08_Photo_Credit_Manuel_Chantre-1170x658.jpg 1170w, http:\/\/www.manuelchantre.com\/wp-content\/uploads\/2022\/10\/ISOCHRONE_08_Photo_Credit_Manuel_Chantre.jpg 1920w\" sizes=\"auto, (max-width: 1024px) 100vw, 1024px\" \/><figcaption class=\"wp-element-caption\">Rendez-vous Qu\u00e9bec Cin\u00e9ma,Cin\u00e9math\u00e8que Qu\u00e9b\u00e9coise, Montr\u00e9al (CA), 2020<\/figcaption><\/figure>\n\n\n\n<figure class=\"wp-block-image size-large\"><img loading=\"lazy\" decoding=\"async\" width=\"1024\" height=\"683\" src=\"http:\/\/www.manuelchantre.com\/wp-content\/uploads\/2022\/10\/ISOCHRONE_24_Photo_Credit_Manuel_Chantre-1024x683.jpg\" alt=\"\" class=\"wp-image-6261\" srcset=\"http:\/\/www.manuelchantre.com\/wp-content\/uploads\/2022\/10\/ISOCHRONE_24_Photo_Credit_Manuel_Chantre-1024x683.jpg 1024w, http:\/\/www.manuelchantre.com\/wp-content\/uploads\/2022\/10\/ISOCHRONE_24_Photo_Credit_Manuel_Chantre-300x200.jpg 300w, http:\/\/www.manuelchantre.com\/wp-content\/uploads\/2022\/10\/ISOCHRONE_24_Photo_Credit_Manuel_Chantre-768x512.jpg 768w, http:\/\/www.manuelchantre.com\/wp-content\/uploads\/2022\/10\/ISOCHRONE_24_Photo_Credit_Manuel_Chantre-1536x1024.jpg 1536w, http:\/\/www.manuelchantre.com\/wp-content\/uploads\/2022\/10\/ISOCHRONE_24_Photo_Credit_Manuel_Chantre-280x187.jpg 280w, http:\/\/www.manuelchantre.com\/wp-content\/uploads\/2022\/10\/ISOCHRONE_24_Photo_Credit_Manuel_Chantre-1170x780.jpg 1170w, http:\/\/www.manuelchantre.com\/wp-content\/uploads\/2022\/10\/ISOCHRONE_24_Photo_Credit_Manuel_Chantre.jpg 1620w\" sizes=\"auto, (max-width: 1024px) 100vw, 1024px\" \/><figcaption class=\"wp-element-caption\">Rendez-vous Qu\u00e9bec Cin\u00e9ma,Cin\u00e9math\u00e8que Qu\u00e9b\u00e9coise, Montr\u00e9al (CA), 2020<\/figcaption><\/figure>\n\n\n\n<figure class=\"wp-block-image size-large\"><img loading=\"lazy\" decoding=\"async\" width=\"1024\" height=\"683\" src=\"http:\/\/www.manuelchantre.com\/wp-content\/uploads\/2022\/10\/ISOCHRONE_21_Photo_Credit_Manuel_Chantre-1024x683.jpg\" alt=\"\" class=\"wp-image-6263\" srcset=\"http:\/\/www.manuelchantre.com\/wp-content\/uploads\/2022\/10\/ISOCHRONE_21_Photo_Credit_Manuel_Chantre-1024x683.jpg 1024w, http:\/\/www.manuelchantre.com\/wp-content\/uploads\/2022\/10\/ISOCHRONE_21_Photo_Credit_Manuel_Chantre-300x200.jpg 300w, http:\/\/www.manuelchantre.com\/wp-content\/uploads\/2022\/10\/ISOCHRONE_21_Photo_Credit_Manuel_Chantre-768x512.jpg 768w, http:\/\/www.manuelchantre.com\/wp-content\/uploads\/2022\/10\/ISOCHRONE_21_Photo_Credit_Manuel_Chantre-1536x1024.jpg 1536w, http:\/\/www.manuelchantre.com\/wp-content\/uploads\/2022\/10\/ISOCHRONE_21_Photo_Credit_Manuel_Chantre-280x187.jpg 280w, http:\/\/www.manuelchantre.com\/wp-content\/uploads\/2022\/10\/ISOCHRONE_21_Photo_Credit_Manuel_Chantre-1170x780.jpg 1170w, http:\/\/www.manuelchantre.com\/wp-content\/uploads\/2022\/10\/ISOCHRONE_21_Photo_Credit_Manuel_Chantre.jpg 1620w\" sizes=\"auto, (max-width: 1024px) 100vw, 1024px\" \/><figcaption class=\"wp-element-caption\">Rendez-vous Qu\u00e9bec Cin\u00e9ma,Cin\u00e9math\u00e8que Qu\u00e9b\u00e9coise, Montr\u00e9al (CA), 2020<\/figcaption><\/figure>\n\n\n\n<figure class=\"wp-block-image size-large\"><img loading=\"lazy\" decoding=\"async\" width=\"1024\" height=\"683\" src=\"http:\/\/www.manuelchantre.com\/wp-content\/uploads\/2022\/10\/ISOCHRONE_20_Photo_Credit_Manuel_Chantre-1024x683.jpg\" alt=\"\" class=\"wp-image-6265\" srcset=\"http:\/\/www.manuelchantre.com\/wp-content\/uploads\/2022\/10\/ISOCHRONE_20_Photo_Credit_Manuel_Chantre-1024x683.jpg 1024w, http:\/\/www.manuelchantre.com\/wp-content\/uploads\/2022\/10\/ISOCHRONE_20_Photo_Credit_Manuel_Chantre-300x200.jpg 300w, http:\/\/www.manuelchantre.com\/wp-content\/uploads\/2022\/10\/ISOCHRONE_20_Photo_Credit_Manuel_Chantre-768x512.jpg 768w, http:\/\/www.manuelchantre.com\/wp-content\/uploads\/2022\/10\/ISOCHRONE_20_Photo_Credit_Manuel_Chantre-1536x1024.jpg 1536w, http:\/\/www.manuelchantre.com\/wp-content\/uploads\/2022\/10\/ISOCHRONE_20_Photo_Credit_Manuel_Chantre-280x187.jpg 280w, http:\/\/www.manuelchantre.com\/wp-content\/uploads\/2022\/10\/ISOCHRONE_20_Photo_Credit_Manuel_Chantre-1170x780.jpg 1170w, http:\/\/www.manuelchantre.com\/wp-content\/uploads\/2022\/10\/ISOCHRONE_20_Photo_Credit_Manuel_Chantre.jpg 1620w\" sizes=\"auto, (max-width: 1024px) 100vw, 1024px\" \/><figcaption class=\"wp-element-caption\">Rendez-vous Qu\u00e9bec Cin\u00e9ma,Cin\u00e9math\u00e8que Qu\u00e9b\u00e9coise, Montr\u00e9al (CA), 2020<\/figcaption><\/figure>\n\n\n<p><img decoding=\"async\" src=\"http:\/\/www.manuelchantre.com\/wp-content\/uploads\/2019\/10\/ISOCHRONE_02_Photo_credit_Francis_Tremblay-1024x683.jpg\" alt=\"This image has an empty alt attribute; its file name is ISOCHRONE_02_Photo_credit_Francis_Tremblay-1024x683.jpg\" \/><br \/>Maison de la cutlture Marie-Uguay, Isocrhone Sculpture I, (CA) 2019. Photo: Francis Tremblay<\/p>\n<p><strong>Technique:<\/strong> Bois, peinture acrylique, lecteur de fichier vid\u00e9o, projecteur vid\u00e9o.<\/p>\n<p><strong>Dimensions:<\/strong> 66 x 66 x 15 cm \/ 36 X 36 X 6 pouces<\/p>\n<p><strong>Cr\u00e9dits pour les sculptures I et II\u00a0: <\/strong> Concept, 3D design, production, guide: Manuel Chantre \/ Visuel:Francis Tremblay \/ \u00c9tudiants participants: Sarra Boussoukaya, Madouba Diallo, Mait\u00e9 Muriel Ingar Diaz, Diego Jacazio, Nathalie Nguyen, Chlo\u00e9 Puigpinos et Francis Tremblay \/ Remerciements: Bruno Santerre et Gilbert Forest du C\u00e9gep Andr\u00e9-Laurendeau, Olivier Toutiras et Ana\u00efs Beauchemin de la Maison de la Culture Marie-Uguay, Olivier Heaps-Drolet, Annie L\u00e9vesque, Patrick Akadji et \u00c9milie L\u00e9vesque-Cl\u00e9ment.<\/p>\n<p>Ce projet est r\u00e9alis\u00e9 gr\u00e2ce au soutien financier du gouvernement du Qu\u00e9bec et en partenariat avec le C\u00e9gep Andr\u00e9-Laurendeau.<\/p>\n<p>\u00a0<\/p>\n\n<!-- Google tag (gtag.js) -->\n<script async src=\"https:\/\/www.googletagmanager.com\/gtag\/js?id=G-G0RLQ9LR4N\"><\/script>\n<script>\n  window.dataLayer = window.dataLayer || [];\n  function gtag(){dataLayer.push(arguments);}\n  gtag('js', new Date());\n\n  gtag('config', 'G-G0RLQ9LR4N');\n<\/script>","protected":false},"excerpt":{"rendered":"<p>ISOCHRONE S\u00e9rie de sculptures de lumi\u00e8res-vid\u00e9os inspir\u00e9es du cercle en mouvement comme un principe de croissance chez certains v\u00e9g\u00e9taux. Isochrone &#8211; qui a la m\u00eame dur\u00e9e qu&rsquo;un autre ph\u00e9nom\u00e8ne &#8211; s&rsquo;exprime autant par la forme de la sculpture que par le mouvement lumineux. Les deux ont \u00e9t\u00e9 g\u00e9n\u00e9r\u00e9s \u00e0 l&rsquo;aide de formules math\u00e9matiques du cercle<\/p>\n","protected":false},"author":1,"featured_media":0,"parent":0,"menu_order":0,"comment_status":"closed","ping_status":"closed","template":"","meta":{"om_disable_all_campaigns":false,"_monsterinsights_skip_tracking":false,"_monsterinsights_sitenote_active":false,"_monsterinsights_sitenote_note":"","_monsterinsights_sitenote_category":0,"footnotes":""},"class_list":["post-5258","page","type-page","status-publish","hentry"],"aioseo_notices":[],"_links":{"self":[{"href":"http:\/\/www.manuelchantre.com\/fr\/wp-json\/wp\/v2\/pages\/5258","targetHints":{"allow":["GET"]}}],"collection":[{"href":"http:\/\/www.manuelchantre.com\/fr\/wp-json\/wp\/v2\/pages"}],"about":[{"href":"http:\/\/www.manuelchantre.com\/fr\/wp-json\/wp\/v2\/types\/page"}],"author":[{"embeddable":true,"href":"http:\/\/www.manuelchantre.com\/fr\/wp-json\/wp\/v2\/users\/1"}],"replies":[{"embeddable":true,"href":"http:\/\/www.manuelchantre.com\/fr\/wp-json\/wp\/v2\/comments?post=5258"}],"version-history":[{"count":12,"href":"http:\/\/www.manuelchantre.com\/fr\/wp-json\/wp\/v2\/pages\/5258\/revisions"}],"predecessor-version":[{"id":6504,"href":"http:\/\/www.manuelchantre.com\/fr\/wp-json\/wp\/v2\/pages\/5258\/revisions\/6504"}],"wp:attachment":[{"href":"http:\/\/www.manuelchantre.com\/fr\/wp-json\/wp\/v2\/media?parent=5258"}],"curies":[{"name":"wp","href":"https:\/\/api.w.org\/{rel}","templated":true}]}}