{"id":4181,"date":"2017-11-16T08:36:10","date_gmt":"2017-11-16T13:36:10","guid":{"rendered":"http:\/\/www.manuelchantre.com\/?page_id=4181"},"modified":"2023-10-27T16:03:17","modified_gmt":"2023-10-27T20:03:17","slug":"la-partition-des-corps","status":"publish","type":"page","link":"http:\/\/www.manuelchantre.com\/fr\/la-partition-des-corps\/","title":{"rendered":"La partition des corps"},"content":{"rendered":"<p><span style=\"font-size: 30px;\">LA PARTITION DES CORPS<\/span><\/p>\n<p>L&rsquo;oeuvre est constitut\u00e9e d&rsquo;une installation musicale-immersive-interactive, d&rsquo;une sculpture et d&rsquo;une impression. L&rsquo;oeuvre est d\u00e9di\u00e9e \u00e0 la musique; aux m\u00e9lodies qui portent nos m\u00e9moires et se d\u00e9pla\u00e7ent lentement dans une masse musicale qui traverse le temps.<\/p>\n<p>\u00ab La partition des corps ce sont les corps marqu\u00e9s par les musiques. Les m\u00e9lodies portent nos m\u00e9moires et se d\u00e9pla\u00e7ent lentement dans une masse musicale qui traversera le temps. Je souhaites cr\u00e9er un espace \u00e9trange qui provoquera des souvenirs qui appartiennent au public, au visage transparent et aux anciens propri\u00e9taires de vinyles.\u00bb<\/p>\n<p>L&rsquo;oeuvre est constitu\u00e9e de quarante disques de vinyles que Chantre a trouv\u00e9. Les anciens propri\u00e9taires des disques les avaient pos\u00e9s en bordure de la route pour les donner. C&rsquo;est en \u00e9clatant les bulles que le public active les musiques des disques de diff\u00e9rentes \u00e9poques. Les actions des gens r\u00e9v\u00e8lent un atmosph\u00e8re musical d\u00e9form\u00e9 qui propose une \u00e9coute inhabituelle de musiques reconaissables mais d\u00e9form\u00e9es. Un visage transparent, dont le volme est constitut\u00e9 du vide, est plac\u00e9 au centre de l&rsquo;installation. La Partion des corps a \u00e9t\u00e9 cr\u00e9\u00e9e pour l&rsquo;exposition pr\u00e9sent\u00e9e au Centre d&rsquo;art Diane Dufresne.<\/p>\n<p><strong>Collection: <\/strong>Collection priv\u00e9e<\/p>\n<p><strong>Exemplaire:\u00a0<\/strong>Sculpture: 1 copie\/ 1 disponible, Impression: 4 copies\/ 3 disponibles,\u00a0<a href=\"mailto:m@manuelchantre.com\">info<\/a>.<\/p>\n<p><strong>Exposition:\u00a0<\/strong>Centre d&rsquo;art Diane-Dufresne, Repentigny (CA) 2017.<\/p>\n<p><span style=\"font-size: 20px;\">INSTALLATION<\/span><\/p>\n<p><img decoding=\"async\" style=\"max-width: 100%;\" src=\"http:\/\/www.manuelchantre.com\/wp-content\/uploads\/2018\/01\/35_La_Partition_des_corps_Photo_Ginette_Clement_crop.jpg\" \/><br \/>\nCentre d&rsquo;art Diane-Dufresne, La partition des corps ( Le visage ), Repentigny (CA) 2017. Photo: Ginette Cl\u00e9ment<br \/>\n<img decoding=\"async\" style=\"max-width: 100%;\" src=\"http:\/\/www.manuelchantre.com\/wp-content\/uploads\/2018\/01\/15_La_Partition_des_corps_Photo_Fran\u00e7ois_Renaud_crop.jpg\" \/><br \/>\nCentre d&rsquo;art Diane-Dufresne, La partition des corps ( Le visage ), Repentigny (CA) 2017. Photo: Fran\u00e7ois Renaud<br \/>\n<img decoding=\"async\" style=\"max-width: 100%;\" src=\"http:\/\/www.manuelchantre.com\/wp-content\/uploads\/2018\/01\/38_La_Partition_des_corps_Photo_Ginette_Clement_crop.jpg\" \/><br \/>\nCentre d&rsquo;art Diane-Dufresne, La partition des corps ( Le visage ), Repentigny (CA) 2017. Photo: Ginette Cl\u00e9ment<br \/>\n<img decoding=\"async\" style=\"max-width: 100%;\" src=\"http:\/\/www.manuelchantre.com\/wp-content\/uploads\/2018\/01\/18_La_Partition_des_corps_Photo_Fran\u00e7ois_Renaud_crop.jpg\" \/><br \/>\nCentre d&rsquo;art Diane-Dufresne, La partition des corps ( Le visage ), Repentigny (CA) 2017. Photo: Fran\u00e7ois Renaud<br \/>\n<img decoding=\"async\" style=\"max-width: 100%;\" src=\"http:\/\/www.manuelchantre.com\/wp-content\/uploads\/2018\/01\/11_La_Partition_des_corps_Photo_Fran\u00e7ois_Renaud_crop.jpg\" \/><br \/>\nCentre d&rsquo;art Diane-Dufresne, La partition des corps ( Le visage ), Repentigny (CA) 2017. Photo: Fran\u00e7ois Renaud<\/p>\n<p><strong>Technique:<\/strong> 40 disques de vinyle trouv\u00e9s (rouge, mauve, orange, jaune),ordinateur, logiciel interactif multim\u00e9dia, acrylique, bois, nylon, lumi\u00e8re, papier bulle, haut-parleurs et microphones.<\/p>\n<p><strong>Dimensions:<\/strong> 13 x 10 x 3 m\u00e8tres \/ 40 X 31 X 9 pieds<\/p>\n<p><strong>Cr\u00e9dits:<\/strong> Programmation multim\u00e9dia, design 3D, production: Manuel Chantre. \/ \u00c9quipe de production: Rick Lesp\u00e9rance, Jean-Fran\u00e7ois Meilleur, Alexandre Pierre-Louis<\/p>\n<p><span style=\"font-size: 20px;\">SCULPTURE (LE VISAGE)<\/span><\/p>\n<p><img decoding=\"async\" style=\"max-width: 100%;\" src=\"http:\/\/www.manuelchantre.com\/wp-content\/uploads\/2018\/01\/1_La_Partition_des_corps_Photo_Manuel_Chantre_crop.jpg\" \/><br \/>\nCentre d&rsquo;art Diane-Dufresne, La partition des corps ( Le visage ), Repentigny (CA) 2017. Photo: Manuel Chantre<\/p>\n<p><img decoding=\"async\" style=\"max-width: 100%;\" src=\"http:\/\/www.manuelchantre.com\/wp-content\/uploads\/2018\/01\/33_La_Partition_des_corps_Photo_Ginette_Clement_crop.jpg\" \/><\/p>\n<p>Centre d&rsquo;art Diane-Dufresne, La partition des corps ( Le visage ), Repentigny (CA) 2017. Photo: Ginette Cl\u00e9ment<\/p>\n<p><strong>Technique:<\/strong> Acrylique.<\/p>\n<p><strong>Dimensions:<\/strong> 50 x 33 x 40.5 cm \/ 19 x 13 x 16 pouces<\/p>\n<p><strong>Collection:\u00a0<\/strong>Collection priv\u00e9e<\/p>\n<p><strong>Exemplaires:<\/strong>\u00a01 copie\/ 1 disponible, <a href=\"mailto:m@manuelchantre.com\">info<\/a>.<\/p>\n<p><span style=\"font-size: 20px;\">IMPRESSION (LA PARTITION)<\/span><img decoding=\"async\" style=\"max-width: 100%;\" src=\"http:\/\/www.manuelchantre.com\/wp-content\/uploads\/2018\/01\/45_La_Partition_des_Corps_La_Partition_Chantre_crop.jpg\" \/><\/p>\n<p><strong>Technique:<\/strong> Impression jet d&rsquo;encre, papier moab 300<\/p>\n<p><strong>Dimensions:<\/strong> 91.44 x 35.56 cm \/ 36 x 14\u00a0 pouces<\/p>\n<p><strong>Collection: <\/strong>Collection priv\u00e9e<\/p>\n<p><strong>Exemplaires:\u00a0<\/strong> 4 copies\/ 3 disponibles,\u00a0<a href=\"mailto:m@manuelchantre.com\">info<\/a>.<\/p>\n<p><strong>Presse et documentation<\/strong><br \/>\n&#8211;\u00a0<a href=\"http:\/\/www.manuelchantre.com\/wp-content\/uploads\/2018\/02\/l-art-de-la-musi.pdf\" target=\"\" rel=\"noopener noreferrer\">Article,<\/a>\u00a0Hebdo Rive-Nord, La partition des corps, Repentigny (CA), 2017<br \/>\n&#8211;\u00a0<a href=\"http:\/\/www.manuelchantre.com\/wp-content\/uploads\/2018\/02\/Linitiative.pdf\" target=\"\" rel=\"noopener noreferrer\">Article,<\/a>\u00a0L&rsquo;initiative, La partition des corps, Montr\u00e9al, (CA), 2017<br \/>\n&#8211;\u00a0<a href=\"http:\/\/www.manuelchantre.com\/wp-content\/uploads\/2018\/02\/Magazinart.pdf\" target=\"\" rel=\"noopener noreferrer\">Article<\/a>, Magazin&rsquo;art, La partition des corps, Montr\u00e9al (CA), 2017<br \/>\n&#8211;\u00a0<a href=\"http:\/\/www.manuelchantre.com\/wp-content\/uploads\/2018\/02\/publication_crop.pdf\">Mention<\/a>, Guide des sorties culturelles, La partition des corps, Repentigny (CA), 2017<br \/>\n&#8211;\u00a0<a href=\"http:\/\/www.manuelchantre.com\/wp-content\/uploads\/2018\/02\/Ville-de-Repentigny.pdf\" target=\"\" rel=\"noopener noreferrer\">Article,<\/a>\u00a0Ville de Repentigny, La partition des corps, Repentigny (CA), 2017<br \/>\n&#8211; Entrevue vid\u00e9o, TVRM, Info-R\u00e9gion, La partition des corps, Repentigny, (CA)<\/p>\n<p><!-- Google tag (gtag.js) --><br \/>\n<script async src=\"https:\/\/www.googletagmanager.com\/gtag\/js?id=G-G0RLQ9LR4N\"><\/script><br \/>\n<script>\n  window.dataLayer = window.dataLayer || [];\n  function gtag(){dataLayer.push(arguments);}\n  gtag('js', new Date());<\/p>\n<p>  gtag('config', 'G-G0RLQ9LR4N');\n<\/script><\/p>\n","protected":false},"excerpt":{"rendered":"<p>LA PARTITION DES CORPS L&rsquo;oeuvre est constitut\u00e9e d&rsquo;une installation musicale-immersive-interactive, d&rsquo;une sculpture et d&rsquo;une impression. L&rsquo;oeuvre est d\u00e9di\u00e9e \u00e0 la musique; aux m\u00e9lodies qui portent nos m\u00e9moires et se d\u00e9pla\u00e7ent lentement dans une masse musicale qui traverse le temps. \u00ab La partition des corps ce sont les corps marqu\u00e9s par les musiques. Les m\u00e9lodies portent<\/p>\n","protected":false},"author":1,"featured_media":0,"parent":0,"menu_order":0,"comment_status":"closed","ping_status":"closed","template":"","meta":{"om_disable_all_campaigns":false,"_monsterinsights_skip_tracking":false,"_monsterinsights_sitenote_active":false,"_monsterinsights_sitenote_note":"","_monsterinsights_sitenote_category":0,"footnotes":""},"class_list":["post-4181","page","type-page","status-publish","hentry"],"aioseo_notices":[],"_links":{"self":[{"href":"http:\/\/www.manuelchantre.com\/fr\/wp-json\/wp\/v2\/pages\/4181","targetHints":{"allow":["GET"]}}],"collection":[{"href":"http:\/\/www.manuelchantre.com\/fr\/wp-json\/wp\/v2\/pages"}],"about":[{"href":"http:\/\/www.manuelchantre.com\/fr\/wp-json\/wp\/v2\/types\/page"}],"author":[{"embeddable":true,"href":"http:\/\/www.manuelchantre.com\/fr\/wp-json\/wp\/v2\/users\/1"}],"replies":[{"embeddable":true,"href":"http:\/\/www.manuelchantre.com\/fr\/wp-json\/wp\/v2\/comments?post=4181"}],"version-history":[{"count":22,"href":"http:\/\/www.manuelchantre.com\/fr\/wp-json\/wp\/v2\/pages\/4181\/revisions"}],"predecessor-version":[{"id":6506,"href":"http:\/\/www.manuelchantre.com\/fr\/wp-json\/wp\/v2\/pages\/4181\/revisions\/6506"}],"wp:attachment":[{"href":"http:\/\/www.manuelchantre.com\/fr\/wp-json\/wp\/v2\/media?parent=4181"}],"curies":[{"name":"wp","href":"https:\/\/api.w.org\/{rel}","templated":true}]}}