{"id":3798,"date":"2017-05-26T00:28:50","date_gmt":"2017-05-26T04:28:50","guid":{"rendered":"http:\/\/www.manuelchantre.com\/?page_id=3798"},"modified":"2023-10-27T16:03:48","modified_gmt":"2023-10-27T20:03:48","slug":"traceur-fr","status":"publish","type":"page","link":"http:\/\/www.manuelchantre.com\/fr\/traceur-fr\/","title":{"rendered":"Le traceur immobile"},"content":{"rendered":"<p><span style=\"font-size: 30px;\">LE TRACEUR IMMOBILE<\/span><\/p>\n<p>L&rsquo;oeuvre publique est une sculpture vid\u00e9o, interactive et connect\u00e9e au Web. Le traceur immobile, s&rsquo;inspire du transport du 21e si\u00e8cle, Internet. Les d\u00e9placements g\u00e9ographiques des donn\u00e9es du Web, l&#8217;emplacement physique des serveurs et la g\u00e9opolitique du Web sont au c\u0153ur de la r\u00e9flexion.<\/p>\n<p>La sculpture pr\u00e9sente un athl\u00e8te de parkour \u00e0 un moment sans mouvement ni acc\u00e9l\u00e9ration. Les projections vid\u00e9o animent l&rsquo;athl\u00e8te virtuel selon ses d\u00e9placements dans les serveurs de l&rsquo;Internet dispers\u00e9s dans le monde. D&rsquo;une page Web \u00e0 une autre, d&rsquo;un serveur \u00e0 l&rsquo;autre, le traceur tente de se rapprocher de la ville-destination. C&rsquo;est le public qui choisi la destination.<\/p>\n<p>L&rsquo;oeuvre repousse les limites du mapping vid\u00e9o en projetant non seulement \u00e0 la surface mais aussi dans le volume de l&rsquo;objet. Un mat\u00e9riau \u00e0 la fois permanent, transparent et r\u00e9fl\u00e9chissant a \u00e9t\u00e9 cr\u00e9\u00e9 dans un laboratoire d&rsquo;optique. Une approche de design param\u00e9trique de pointe a \u00e9t\u00e9 utilis\u00e9e pour concevoir l&rsquo;objet tridimensionnel.<\/p>\n<p>Diff\u00e9rentes interpr\u00e9tations de l&rsquo;oeuvre sont propos\u00e9es par la projection dans le corps de l&rsquo;athl\u00e8te, l&rsquo;affichage de la carte qui trace le chemin effectu\u00e9 par le traceur, la ville destination, l&rsquo;adresse IP du serveur visit\u00e9 ainsi que les pages Web analys\u00e9es. C&rsquo;est la relation entre le public, le programme informatique (bot-traceur), les pages Web et les r\u00e9seaux de serveurs qui fa\u00e7onnent cette exp\u00e9rience toujours diff\u00e9rente.<\/p>\n<p><strong>Collection:<\/strong> Pr\u00eat c\u00e9gep Andr\u00e9-Laurendeau jusqu&rsquo;en 2020.<\/p>\n<p><strong>Exemplaire:<\/strong> 1 copie \/ 1 disponible info.<\/p>\n<p><strong>Expositions:<\/strong><br \/>\n&#8211; Pr\u00eat au c\u00e9gep Andr\u00e9-Laurendeau, Lasalle (CA), 2017-2020<br \/>\n&#8211; HackCit\u00e9 375, Desjardins Lab, Espace Desjardins, Tour Sud, Montr\u00e9al (CA), 2017<br \/>\n&#8211; Sommet Mondial du Design Montreal, Montreal (CA), 2017<\/p>\n<p><img loading=\"lazy\" decoding=\"async\" src=\"http:\/\/www.manuelchantre.com\/wp-content\/uploads\/2017\/05\/CCFA_logo_.jpg\" width=\"120\" height=\"30\" \/>\u00a0\u00a0\u00a0 <img loading=\"lazy\" decoding=\"async\" src=\"http:\/\/www.manuelchantre.com\/wp-content\/uploads\/2017\/05\/optech_logo.jpg\" width=\"63\" height=\"13\" \/> \u00a0\u00a0 <img loading=\"lazy\" decoding=\"async\" src=\"http:\/\/www.manuelchantre.com\/wp-content\/uploads\/2017\/05\/crsng_logo_.jpg\" width=\"68\" height=\"30\" \/> \u00a0\u00a0 <img loading=\"lazy\" decoding=\"async\" src=\"http:\/\/www.manuelchantre.com\/wp-content\/uploads\/2017\/05\/cegepandrelaurendeau.jpg\" width=\"90\" height=\"60\" \/><\/p>\n<p><iframe loading=\"lazy\" title=\"Le Traceur Immobile\" src=\"https:\/\/player.vimeo.com\/video\/256526305?dnt=1&amp;app_id=122963\" width=\"1170\" height=\"658\" frameborder=\"0\" allow=\"autoplay; fullscreen\" allowfullscreen><\/iframe><\/p>\n<p><script type=\"text\/javascript\">\/\/ <![CDATA[ var gaJsHost = ((\"https:\" == document.location.protocol) ? \"https:\/\/ssl.\" : \"http:\/\/www.\"); document.write(unescape(\"%3Cscript src='\" + gaJsHost + \"google-analytics.com\/ga.js' type='text\/javascript'%3E%3C\/script%3E\")); \/\/ ]]><\/script><\/p>\n<p><script type=\"text\/javascript\">\/\/ <![CDATA[ try { var pageTracker = _gat._getTracker(\"UA-10934512-1\"); pageTracker._trackPageview(); } catch(err) {} \/\/ ]]><\/script><\/p>\n<p><img decoding=\"async\" style=\"max-width: 100%;\" src=\"http:\/\/www.manuelchantre.com\/wp-content\/uploads\/2018\/01\/2_Le_Traceur_Immobile_Photo_Manuel_Chantre_b_crop.jpg\" \/><br \/>\nStudio, C\u00e9gep Andr\u00e9-Laurendeau, Le traceur immobile, Lasalle (CA), 2017. Photo : Manuel Chantre<br \/>\n<img decoding=\"async\" style=\"max-width: 100%;\" src=\"http:\/\/www.manuelchantre.com\/wp-content\/uploads\/2018\/01\/25_Le_Traceur_Immobile_Photo_Manuel_Chantre_crop.jpg\" \/><br \/>\nC\u00e9gep Andr\u00e9-Laurendeau, Le traceur immobile, Lasalle (CA), 2017. Photo : Manuel Chantre<br \/>\n<img decoding=\"async\" style=\"max-width: 100%;\" src=\"http:\/\/www.manuelchantre.com\/wp-content\/uploads\/2018\/01\/4_Le_Traceur_Immobile_Photo_Manuel_Chantre_crop.jpg\" \/><br \/>\nC\u00e9gep Andr\u00e9-Laurendeau, Le traceur immobile, Lasalle (CA), 2017. Photo : Manuel Chantre<br \/>\n<img decoding=\"async\" style=\"max-width: 100%;\" src=\"http:\/\/www.manuelchantre.com\/wp-content\/uploads\/2018\/01\/9_Le_Traceur_Immobile_Photo_Manuel_Chantre_crop.jpg\" \/><br \/>\nC\u00e9gep Andr\u00e9-Laurendeau, Le traceur immobile, Lasalle (CA), 2017. Photo : Manuel Chantre<br \/>\n<img decoding=\"async\" style=\"max-width: 100%;\" src=\"http:\/\/www.manuelchantre.com\/wp-content\/uploads\/2018\/01\/8_Le_Traceur_Immobile_Photo_Manuel_Chantre_crop.jpg\" \/><br \/>\nC\u00e9gep Andr\u00e9-Laurendeau, Le traceur immobile, Lasalle (CA), 2017. Photo : Manuel Chantre<br \/>\n<img decoding=\"async\" style=\"max-width: 100%;\" src=\"http:\/\/www.manuelchantre.com\/wp-content\/uploads\/2018\/01\/19_Le_Traceur_Immobile_Photo_Manuel_Chantre_crop.jpg\" \/><br \/>\n<span style=\"font-weight: 400;\">Desjardins Group Tower, Espace Desjardins, Montreal (CA), 2017<\/span><br \/>\n<img decoding=\"async\" style=\"max-width: 100%;\" src=\"http:\/\/www.manuelchantre.com\/wp-content\/uploads\/2018\/01\/10_Le_Traceur_Immobile_Photo_Manuel_Chantre_crop.jpg\" \/><br \/>\nC\u00e9gep Andr\u00e9-Laurendeau, Le traceur immobile, Lasalle (CA), 2017. Photo : Manuel Chantre<br \/>\n<img decoding=\"async\" style=\"max-width: 100%;\" src=\"http:\/\/www.manuelchantre.com\/wp-content\/uploads\/2018\/01\/11_Le_Traceur_Immobile_Photo_Manuel_Chantre_crop.jpg\" \/><br \/>\nC\u00e9gep Andr\u00e9-Laurendeau, Le traceur immobile, Lasalle (CA), 2017. Photo : Manuel Chantre<br \/>\n<img decoding=\"async\" style=\"max-width: 100%;\" src=\"http:\/\/www.manuelchantre.com\/wp-content\/uploads\/2018\/01\/14_Le_Traceur_Immobile_Photo_Manuel_Chantre_cropb.jpg\" \/><br \/>\nC\u00e9gep Andr\u00e9-Laurendeau, Le traceur immobile, Lasalle (CA), 2017. Photo : Manuel Chantre<\/p>\n<p><strong>Cr\u00e9e en 2015-2017<\/strong><\/p>\n<p><strong>Technique:\u00a0<\/strong>Acrylique alt\u00e9r\u00e9 chimiquement, aluminium, projecteur vid\u00e9o, <em>cloud computing<\/em>, bot informatique, tablette, Internet, logiciel g\u00e9n\u00e9ratif visuel TouchDesigner.<\/p>\n<p><strong>Dimensions:\u00a0<\/strong>91 x 91 x 274 cm + 30 x 30 x 121cm \/\u00a0 3 x 3 x 9 pieds+ 1 x 1 x 4 pieds<\/p>\n<p><strong>Editions:\u00a0<\/strong>2 copies<\/p>\n<p><span style=\"font-weight: 400;\"><strong>Collection:\u00a0<\/strong>Pr\u00eat C\u00e9gep Andr\u00e9-Laurendeau, disponible\u00a0<\/span> <a href=\"mailto:m@manuelchantre.com\">info<\/a>.<\/p>\n<p><strong>Presse et documentation<\/strong><br \/>\n&#8211;\u00a0<a href=\"http:\/\/www.manuelchantre.com\/wp-content\/uploads\/2018\/02\/HACKCIT%C3%89-375-UN-SELFIE-VIVANT-DE-MONT...pdf\" target=\"\" rel=\"noopener\">Article<\/a>, Hackcit\u00e9 375, Le traceur immobile, Montr\u00e9al (CA), 2017<br \/>\n&#8211;\u00a0<a href=\"http:\/\/www.manuelchantre.com\/wp-content\/uploads\/2018\/02\/Sculpture-lumineuse-et-interactive-au-C%C3%A9gep-Andr%C3%A9-Laurendeau-_-Msasas%C3%A9tro.pdf\" target=\"\" rel=\"noopener\">Article<\/a>, Le messager, Le traceur immobile, La Salle, Montr\u00e9al (CA), 2017<br \/>\n&#8211;\u00a0<a href=\"http:\/\/www.manuelchantre.com\/wp-content\/uploads\/2018\/02\/Sculpture-lumineuse-interactive-et-Web-Optech.pdf\" target=\"\" rel=\"noopener\">Article,<\/a>\u00a0Optech, Le traceur immobile, La Salle, Montr\u00e9al (CA), 2017<br \/>\n&#8211;\u00a0<a href=\"http:\/\/www.manuelchantre.com\/wp-content\/uploads\/2018\/02\/Une-sculpture-lumineuse-et-interactive-...pdf\">Mention<\/a>, Cegep Andr\u00e9-Laurendeau, Le traceur immobile,\u00a0Montr\u00e9al (CA), 2017<\/p>\n<p><strong>Cr\u00e9dits:<\/strong><br \/>\nL&rsquo;oeuvre r\u00e9alis\u00e9e avec le centre de recherche en optique Optech. Conception, programmation visuel interactif, 3D, design de l&rsquo;interface de l&rsquo;utilisateur, sc\u00e9nario interactif, dessin technique, r\u00e9alisation: Manuel Chantre \/ l&rsquo;\u00e9quipe de Optech dont Denis Lafrance, Marie-Maude Baillargeon, Louis Bouchard, Jacques Bismuth, Marc-Andr\u00e9 Blais, \u00c9rick Jarry, Richard Lang, M\u00e9laie Joncas-Latimer, Maroun Massabki, Julien Colimon, Mathieu Riendeau, Patrick Orsini, Philippe McKoy, Adam Roy, Yan Duval, Paul Philipps Jr., Nathalie Plouffe, Fran\u00e7ois Arsenault-Hubert \/ Programmation Web: Pierre-Luc Blais de M-art productions inc \/ Assistant \u00e0 la r\u00e9alisation: \u00c9mile Foucher \/ Fabrication: Marie-Pierre Auclaire et Pierre-Mathieu Chayer \/ Programmation: S\u00e9bastien Gravel \/ Collaboration programmation: Guillaume Bourassa \/ Mod\u00e8le: Tommy Charest \/ Remerciements: Bruno Santerre<\/p>\n<p>Centre de recherche en optique CCTT Optech, Conseil des arts du Canada, Conseil de recherches en sciences naturelles et en g\u00e9nie du Canada (CRSNG), C\u00e9gep Andr\u00e9-Laurendeau<\/p>\n<p><img loading=\"lazy\" decoding=\"async\" src=\"http:\/\/www.manuelchantre.com\/wp-content\/uploads\/2017\/05\/CCFA_logo_.jpg\" width=\"120\" height=\"30\" \/>\u00a0\u00a0\u00a0 <img loading=\"lazy\" decoding=\"async\" src=\"http:\/\/www.manuelchantre.com\/wp-content\/uploads\/2017\/05\/optech_logo.jpg\" width=\"63\" height=\"13\" \/> \u00a0\u00a0 <img loading=\"lazy\" decoding=\"async\" src=\"http:\/\/www.manuelchantre.com\/wp-content\/uploads\/2017\/05\/crsng_logo_.jpg\" width=\"68\" height=\"30\" \/> \u00a0\u00a0 <img loading=\"lazy\" decoding=\"async\" src=\"http:\/\/www.manuelchantre.com\/wp-content\/uploads\/2017\/05\/cegepandrelaurendeau.jpg\" width=\"90\" height=\"60\" \/><\/p>\n<p><!-- Google tag (gtag.js) --><br \/>\n<script async src=\"https:\/\/www.googletagmanager.com\/gtag\/js?id=G-G0RLQ9LR4N\"><\/script><br \/>\n<script>\n  window.dataLayer = window.dataLayer || [];\n  function gtag(){dataLayer.push(arguments);}\n  gtag('js', new Date());<\/p>\n<p>  gtag('config', 'G-G0RLQ9LR4N');\n<\/script><\/p>\n","protected":false},"excerpt":{"rendered":"<p>LE TRACEUR IMMOBILE L&rsquo;oeuvre publique est une sculpture vid\u00e9o, interactive et connect\u00e9e au Web. Le traceur immobile, s&rsquo;inspire du transport du 21e si\u00e8cle, Internet. Les d\u00e9placements g\u00e9ographiques des donn\u00e9es du Web, l&#8217;emplacement physique des serveurs et la g\u00e9opolitique du Web sont au c\u0153ur de la r\u00e9flexion. La sculpture pr\u00e9sente un athl\u00e8te de parkour \u00e0 un<\/p>\n","protected":false},"author":1,"featured_media":0,"parent":0,"menu_order":0,"comment_status":"closed","ping_status":"closed","template":"","meta":{"om_disable_all_campaigns":false,"_monsterinsights_skip_tracking":false,"_monsterinsights_sitenote_active":false,"_monsterinsights_sitenote_note":"","_monsterinsights_sitenote_category":0,"footnotes":""},"class_list":["post-3798","page","type-page","status-publish","hentry"],"aioseo_notices":[],"_links":{"self":[{"href":"http:\/\/www.manuelchantre.com\/fr\/wp-json\/wp\/v2\/pages\/3798","targetHints":{"allow":["GET"]}}],"collection":[{"href":"http:\/\/www.manuelchantre.com\/fr\/wp-json\/wp\/v2\/pages"}],"about":[{"href":"http:\/\/www.manuelchantre.com\/fr\/wp-json\/wp\/v2\/types\/page"}],"author":[{"embeddable":true,"href":"http:\/\/www.manuelchantre.com\/fr\/wp-json\/wp\/v2\/users\/1"}],"replies":[{"embeddable":true,"href":"http:\/\/www.manuelchantre.com\/fr\/wp-json\/wp\/v2\/comments?post=3798"}],"version-history":[{"count":26,"href":"http:\/\/www.manuelchantre.com\/fr\/wp-json\/wp\/v2\/pages\/3798\/revisions"}],"predecessor-version":[{"id":6507,"href":"http:\/\/www.manuelchantre.com\/fr\/wp-json\/wp\/v2\/pages\/3798\/revisions\/6507"}],"wp:attachment":[{"href":"http:\/\/www.manuelchantre.com\/fr\/wp-json\/wp\/v2\/media?parent=3798"}],"curies":[{"name":"wp","href":"https:\/\/api.w.org\/{rel}","templated":true}]}}