{"id":3139,"date":"2014-11-13T18:31:07","date_gmt":"2014-11-13T23:31:07","guid":{"rendered":"http:\/\/www.manuelchantre.com\/?page_id=3139"},"modified":"2023-10-27T15:59:45","modified_gmt":"2023-10-27T19:59:45","slug":"double-alpha-fr","status":"publish","type":"page","link":"http:\/\/www.manuelchantre.com\/fr\/double-alpha-fr\/","title":{"rendered":"Double Alpha"},"content":{"rendered":"<p><span style=\"font-size: 30px;\">DOUBLE ALPHA\u00a0<\/span><\/p>\n<p>Commande d&rsquo;une installation audiovisuelle interactive pour le 10e anniversaire du Laboratoire de recherches inter-universitaire sur les \u0153uvres hyperm\u00e9diatiques NT2. Au centre d\u2019une pi\u00e8ce plong\u00e9e dans l\u2019obscurit\u00e9, une forme g\u00e9om\u00e9trique lumineuse et transparente flotte. \u00c0 l\u2019aide d\u2019un clavier d\u2019ordinateur, le spectateur est invit\u00e9 \u00e0 inscrire son nom et ainsi \u00e0 g\u00e9n\u00e9rer une forme.<\/p>\n<p>En synchronisation avec le son, la forme tourne continuellement sur elle-m\u00eame, donnant l\u2019impression que le mouvement rotatif est mat\u00e9riel. Une technique d\u2019illusion d\u2019optique donne un effet tridimensionnel aux formes projet\u00e9es.<\/p>\n<p>Double Alpha traite de l&rsquo;identit\u00e9 individuelle associ\u00e9e au pr\u00e9nom : l\u2019audience semble s\u2019identifier \u00e0 la structure g\u00e9om\u00e9trique. Les r\u00e9actions du public, lors de la pr\u00e9sentation \u00e0 NT2, \u00e9taient vari\u00e9es. Certains \u00e9taient fiers de leur forme et l\u2019ont valid\u00e9 avant de la partager \u00e0 leurs amis. D\u2019autres semblaient amus\u00e9s, \u00e9tonn\u00e9s, d\u00e9\u00e7us ou perplexes par rapport \u00e0 la forme qui leur \u00e9tait associ\u00e9e.<\/p>\n<p><strong>Expositions :<\/strong><br \/>\n\u2013 Double Alpha, Magazine URBANIA, Montreal (CA), 2014, l&rsquo;exposition de Double Alpha URBANIA, 2014 \u00e0 profit\u00e9 du support de la Soci\u00e9t\u00e9 des arts technologique (SAT).<br \/>\n\u2013 Laboratoire de recherches sur les \u0153uvres hyperm\u00e9diatiques NT2, centre pour les recherhes universitaire, UQAM, Concordia, Universit\u00e9 Laval, McGill , Universit\u00e9 de Montr\u00e9al et l&rsquo;universit\u00e9 de R\u00e9gina, Montr\u00e9al (CA), 2014<\/p>\n<p><img loading=\"lazy\" decoding=\"async\" title=\"Logo-nt2\" src=\"http:\/\/www.manuelchantre.com\/wp-content\/uploads\/2014\/11\/logo-nt2.jpg\" alt=\"Logo-nt2\" width=\"50\" height=\"25\" \/><\/p>\n<p><iframe loading=\"lazy\" src=\"https:\/\/player.vimeo.com\/video\/261879233?app_id=122963\" width=\"1170\" height=\"658\" frameborder=\"0\" title=\"Double Alpha @ the URBANIA Magazine Launch 2014\" webkitallowfullscreen mozallowfullscreen allowfullscreen><\/iframe><\/p>\n<p><img decoding=\"async\" style=\"max-width: 100%;\" src=\"http:\/\/www.manuelchantre.com\/wp-content\/uploads\/2018\/04\/Karine.jpg\" \/><br \/>\nForme g\u00e9n\u00e9r\u00e9e par le nom Karine<br \/>\n<img decoding=\"async\" style=\"max-width: 100%;\" src=\"http:\/\/www.manuelchantre.com\/wp-content\/uploads\/2018\/02\/Double_Alpha_12_photocredit_S\u00e9bastien_Roy_crop.jpg\" \/><br \/>\nURBANIA&rsquo;s new magazine launch, Montreal (CA), 2014. Photo : S\u00e9bastien Roy<br \/>\n<img decoding=\"async\" style=\"max-width: 100%;\" src=\"http:\/\/www.manuelchantre.com\/wp-content\/uploads\/2018\/02\/Double_Alpha_11_photocredit_S\u00e9bastien_Roy_crop.jpg\" \/><br \/>\nURBANIA&rsquo;s new magazine launch, Montreal (CA), 2014. Photo : S\u00e9bastien Roy<br \/>\n<img decoding=\"async\" style=\"max-width: 100%;\" src=\"http:\/\/www.manuelchantre.com\/wp-content\/uploads\/2018\/02\/Double_Alpha_10_photocredit_S\u00e9bastien_Roy_crop.jpg\" \/><br \/>\nURBANIA&rsquo;s new magazine launch, Montreal (CA), 2014. Photo : S\u00e9bastien Roy<br \/>\n<img decoding=\"async\" style=\"max-width: 100%;\" src=\"http:\/\/www.manuelchantre.com\/wp-content\/uploads\/2018\/02\/Double_Alpha_07_photocredit_S\u00e9bastien_Roy_crop.jpg\" \/><br \/>\nURBANIA&rsquo;s new magazine launch, Montreal (CA), 2014. Photo : S\u00e9bastien Roy<br \/>\n<img decoding=\"async\" style=\"max-width: 100%;\" src=\"http:\/\/www.manuelchantre.com\/wp-content\/uploads\/2018\/02\/Double_Alpha_04_photocredit_S\u00e9bastien_Roy_crop.jpg\" \/><br \/>\nURBANIA&rsquo;s new magazine launch, Montreal (CA), 2014. Photo : S\u00e9bastien Roy<br \/>\n<img decoding=\"async\" style=\"max-width: 100%;\" src=\"http:\/\/www.manuelchantre.com\/wp-content\/uploads\/2018\/02\/Double_Alpha_00_photocredit_S\u00e9bastien_Roy_crop.jpg\" \/><br \/>\nURBANIA&rsquo;s new magazine launch, Montreal (CA), 2014. Photo : S\u00e9bastien Roy<\/p>\n<p><strong>Cr\u00e9e en 2014\u00a0<\/strong><\/p>\n<p><strong>Technique: <\/strong>Polyol\u00e9fin, 4 c\u00e2bles en acier, logiciel multim\u00e9dia, ordinateur public, ordinateur de gestion du syst\u00e8me, projecteur vid\u00e9o, 2 haut-parleurs, socle<\/p>\n<p><strong>Dimensions:\u00a0<\/strong>38 x 38 x 122 cm<\/p>\n<p><strong>Presses and documentations :<\/strong><br \/>\n\u2013\u00a0<a href=\"http:\/\/www.manuelchantre.com\/wp-content\/uploads\/2015\/01\/2014_S%C3%A9bastien_Roy_photographe_Double_Alpha.jpg\" target=\"_blank\" rel=\"noopener\">Mention<\/a>, Sebastienroy.ca, Montreal (CA), 2014<br \/>\n\u2013\u00a0<a href=\"http:\/\/www.manuelchantre.com\/wp-content\/uploads\/2014\/12\/2014_Dario_Bivona_Blog_Double_Alpha.pdf\" target=\"_blank\" rel=\"noopener\">Article<\/a>, Dario Bivona Blog, Montreal (CA), 2014<br \/>\n\u2013\u00a0<a href=\"http:\/\/www.manuelchantre.com\/wp-content\/uploads\/2014\/12\/2014_newsletter_urbania_Double_Alpha.pdf\" target=\"_blank\" rel=\"noopener\">Mention<\/a>, URBANIA\u2019s newsletter, Montreal (CA), 2014<br \/>\n\u2013\u00a0<a href=\"http:\/\/www.manuelchantre.com\/wp-content\/uploads\/2014\/12\/2014_allevents_in_montreal_Double_Alpha.pdf\" target=\"_blank\" rel=\"noopener\">Mention<\/a>, Allevents.in, Montreal (CA), 2014<br \/>\n\u2013\u00a0<a href=\"http:\/\/www.manuelchantre.com\/wp-content\/uploads\/2014\/12\/2014_MTLBlog_Double_Alpha.pdf\" target=\"_blank\" rel=\"noopener\">Mention<\/a>, MTL Blog, Montreal (CA), 2014<\/p>\n<p><strong>Cr\u00e9dits:\u00a0<\/strong>Musique, 3D, programmation et conception: Manuel Chantre<\/p>\n<p>Une commande du Laboratoire de recherches sur les \u0153uvres hyperm\u00e9diatiques NT2, centre de recherche inter-universitaire de l&rsquo;Universit\u00e9 du Qu\u00e9bec \u00e0 Montr\u00e9al (UQAM), l&rsquo;Universit\u00e9 Concordia, l&rsquo;Universit\u00e9 Laval, l&rsquo;Universit\u00e9 McGill, l&rsquo;Universit\u00e9 de Montr\u00e9al et l&rsquo;Universit\u00e9 de R\u00e9gina, Montr\u00e9al, 2014<\/p>\n<p><img loading=\"lazy\" decoding=\"async\" title=\"Logo-nt2\" src=\"http:\/\/www.manuelchantre.com\/wp-content\/uploads\/2014\/11\/logo-nt2.jpg\" alt=\"Logo-nt2\" width=\"50\" height=\"25\" \/><\/p>\n<p><!-- Google tag (gtag.js) --><br \/>\n<script async src=\"https:\/\/www.googletagmanager.com\/gtag\/js?id=G-G0RLQ9LR4N\"><\/script><br \/>\n<script>\n  window.dataLayer = window.dataLayer || [];\n  function gtag(){dataLayer.push(arguments);}\n  gtag('js', new Date());<\/p>\n<p>  gtag('config', 'G-G0RLQ9LR4N');\n<\/script><\/p>\n","protected":false},"excerpt":{"rendered":"<p>DOUBLE ALPHA\u00a0 Commande d&rsquo;une installation audiovisuelle interactive pour le 10e anniversaire du Laboratoire de recherches inter-universitaire sur les \u0153uvres hyperm\u00e9diatiques NT2. Au centre d\u2019une pi\u00e8ce plong\u00e9e dans l\u2019obscurit\u00e9, une forme g\u00e9om\u00e9trique lumineuse et transparente flotte. \u00c0 l\u2019aide d\u2019un clavier d\u2019ordinateur, le spectateur est invit\u00e9 \u00e0 inscrire son nom et ainsi \u00e0 g\u00e9n\u00e9rer une forme. En<\/p>\n","protected":false},"author":1,"featured_media":0,"parent":0,"menu_order":0,"comment_status":"closed","ping_status":"open","template":"","meta":{"om_disable_all_campaigns":false,"_monsterinsights_skip_tracking":false,"_monsterinsights_sitenote_active":false,"_monsterinsights_sitenote_note":"","_monsterinsights_sitenote_category":0,"footnotes":""},"class_list":["post-3139","page","type-page","status-publish","hentry"],"aioseo_notices":[],"_links":{"self":[{"href":"http:\/\/www.manuelchantre.com\/fr\/wp-json\/wp\/v2\/pages\/3139","targetHints":{"allow":["GET"]}}],"collection":[{"href":"http:\/\/www.manuelchantre.com\/fr\/wp-json\/wp\/v2\/pages"}],"about":[{"href":"http:\/\/www.manuelchantre.com\/fr\/wp-json\/wp\/v2\/types\/page"}],"author":[{"embeddable":true,"href":"http:\/\/www.manuelchantre.com\/fr\/wp-json\/wp\/v2\/users\/1"}],"replies":[{"embeddable":true,"href":"http:\/\/www.manuelchantre.com\/fr\/wp-json\/wp\/v2\/comments?post=3139"}],"version-history":[{"count":8,"href":"http:\/\/www.manuelchantre.com\/fr\/wp-json\/wp\/v2\/pages\/3139\/revisions"}],"predecessor-version":[{"id":6501,"href":"http:\/\/www.manuelchantre.com\/fr\/wp-json\/wp\/v2\/pages\/3139\/revisions\/6501"}],"wp:attachment":[{"href":"http:\/\/www.manuelchantre.com\/fr\/wp-json\/wp\/v2\/media?parent=3139"}],"curies":[{"name":"wp","href":"https:\/\/api.w.org\/{rel}","templated":true}]}}