{"id":3039,"date":"2014-09-22T11:54:48","date_gmt":"2014-09-22T15:54:48","guid":{"rendered":"http:\/\/www.manuelchantre.com\/?page_id=3039"},"modified":"2023-10-27T16:05:41","modified_gmt":"2023-10-27T20:05:41","slug":"miscible-fr","status":"publish","type":"page","link":"http:\/\/www.manuelchantre.com\/fr\/miscible-fr\/","title":{"rendered":"Miscible"},"content":{"rendered":"<p><span style=\"font-size: 30px;\">MISCIBLE\u00a0<\/span><\/p>\n<p>\u00c0 mi-chemin entre la performance et l\u2019installation audiovisuelle, l&rsquo;oeuvre est une exp\u00e9rience collective et interactive en t\u00e9l\u00e9pr\u00e9sence. Les publics de la Soci\u00e9t\u00e9 des arts technologiques (SAT) \u00e0 Montr\u00e9al (CA) et du Festival Maintenant \u00e0 Rennes (FR) participent simultan\u00e9ment \u00e0 la cr\u00e9ation d\u2019une oeuvre audiovisuelle en temps r\u00e9el. Ils manipulent un dispositif multim\u00e9dia constitu\u00e9 de liquides et d&rsquo;\u00e9quipements de laboratoire scientifique pour cr\u00e9er l&rsquo;oeuvre.<\/p>\n<p>Manuel Chantre et Mathieu Le Sourd alias Maotik s\u2019int\u00e9ressent \u00e0 une mani\u00e8re innovante d\u2019aborder la t\u00e9l\u00e9pr\u00e9sence en lui donnant une dimension sensorielle et en proposant une exp\u00e9rience qui va au-del\u00e0 de ce qu\u2019offrent les moyens de communication actuels. Ils ont d\u00e9velopp\u00e9 le projet avec deux chercheurs en chimie et un \u00e9lectronicien de l\u2019Universit\u00e9 de Rennes1 ainsi qu\u2019avec l&rsquo;\u00e9quipe de chercheurs de la SAT.<\/p>\n<p>Le fil conducteur de l\u2019oeuvre est le rapprochement virtuel des deux lieux. Au fil de la performance, les actions des publics de Rennes et de Montr\u00e9al se rencontrent puis s\u2019intensifient graduellement jusqu\u2019\u00e0 l\u2019obtention d\u2019une homog\u00e9n\u00e9it\u00e9 parfaite: leur miscibilit\u00e9. En chimie, la miscibilit\u00e9 d\u00e9signe la capacit\u00e9 d\u2019un liquide \u00e0 se m\u00e9langer de fa\u00e7on homog\u00e8ne.<\/p>\n<p><strong>Expositions et performances :<\/strong><br \/>\n&#8211; Soci\u00e9t\u00e9 des arts technologiques (SAT) et Festival Maintenant, Montr\u00e9al (CA) et Rennes (FR), 2014<\/p>\n<p><img loading=\"lazy\" decoding=\"async\" title=\"Logo-rennes1\" src=\"http:\/\/www.manuelchantre.com\/wp-content\/uploads\/2014\/11\/logo-rennes1.jpg\" alt=\"Logo-rennes1\" width=\"79\" height=\"50\" \/> <img loading=\"lazy\" decoding=\"async\" title=\"Logo-relations-internationales\" src=\"http:\/\/www.manuelchantre.com\/wp-content\/uploads\/2014\/11\/logo-relations-internationales.jpg\" alt=\"Logo-relations-internationales\" width=\"79\" height=\"50\" \/> <img loading=\"lazy\" decoding=\"async\" title=\"Logo-metropole-rennes\" src=\"http:\/\/www.manuelchantre.com\/wp-content\/uploads\/2014\/11\/logo-metropole-rennes.jpg\" alt=\"Logo-metropole-rennes\" width=\"79\" height=\"50\" \/> <img loading=\"lazy\" decoding=\"async\" title=\"Logo-electonik\" src=\"http:\/\/www.manuelchantre.com\/wp-content\/uploads\/2014\/11\/logo-electonik.jpg\" alt=\"Logo-electonik\" width=\"25\" height=\"15\" \/> <img loading=\"lazy\" decoding=\"async\" title=\"Logo-diapason\" src=\"http:\/\/www.manuelchantre.com\/wp-content\/uploads\/2014\/11\/logo-diapason.jpg\" alt=\"Logo-diapason\" width=\"79\" height=\"50\" \/> <img loading=\"lazy\" decoding=\"async\" title=\"Logo-relations-internationales-et-francophonie\" src=\"http:\/\/www.manuelchantre.com\/wp-content\/uploads\/2014\/11\/logo-relations-internationales-et-francophonie.jpg\" alt=\"Logo-relations-internationales-et-francophonie\" width=\"79\" height=\"50\" \/> <img loading=\"lazy\" decoding=\"async\" title=\"Logo-cr\u00e92\" src=\"http:\/\/www.manuelchantre.com\/wp-content\/uploads\/2014\/11\/Logo-cr\u00e92.jpg\" alt=\"Logo-cr\u00e92\" width=\"50\" height=\"25\" \/>\u00a0 <img loading=\"lazy\" decoding=\"async\" title=\"SAT_logo_fr\" src=\"http:\/\/www.manuelchantre.com\/wp-content\/uploads\/2014\/06\/SAT_logo_fr.jpg\" alt=\"SAT_logo_fr\" width=\"79\" height=\"50\" \/>\u00a0 <img loading=\"lazy\" decoding=\"async\" title=\"Logo-CALQ-13\" src=\"http:\/\/www.manuelchantre.com\/wp-content\/uploads\/2014\/06\/Logo-CALQ-13.jpg\" alt=\"Logo-CALQ-13\" width=\"79\" height=\"50\" \/><\/p>\n<p><iframe loading=\"lazy\" title=\"Miscible\" src=\"https:\/\/player.vimeo.com\/video\/106639761?dnt=1&amp;app_id=122963\" width=\"1170\" height=\"658\" frameborder=\"0\" allow=\"autoplay; fullscreen; picture-in-picture\"><\/iframe><\/p>\n<p><img decoding=\"async\" style=\"max-width: 100%;\" src=\"http:\/\/www.manuelchantre.com\/wp-content\/uploads\/2018\/02\/Miscible_27_Photocredit_S\u00e9bastien_Roy_crop.jpg\" \/><br \/>\nSociety for Arts and Technology (SAT) and Festival Maintenant, Montreal (CA) and Rennes (FR), 2014. Photo : Sebastien Roy<\/p>\n<p><img decoding=\"async\" class=\"\" style=\"max-width: 48%;\" src=\"http:\/\/www.manuelchantre.com\/wp-content\/uploads\/2018\/02\/Miscible_48_Photocredit_Guillaume_Julien_crop.jpg\" \/>\u00a0 \u00a0 \u00a0 \u00a0\u00a0<img decoding=\"async\" class=\"\" style=\"max-width: 48%;\" src=\"http:\/\/www.manuelchantre.com\/wp-content\/uploads\/2018\/02\/Miscible_25_Photocredit_S\u00e9bastien_Roy_crop.jpg\" \/><\/p>\n<table>\n<tbody>\n<tr>\n<td>University of Rennes1, Rehearsal Festival Maintenant and Society for Arts and Technology (SAT), Rennes (FR). Photo : Guillaume Julien<\/td>\n<td>Society for Arts and Technology (SAT) and Festival Maintenant, Montreal (CA) and Rennes (FR), 2014. Photo : Sebastien Roy<\/td>\n<\/tr>\n<\/tbody>\n<\/table>\n<p><img decoding=\"async\" style=\"max-width: 100%;\" src=\"http:\/\/www.manuelchantre.com\/wp-content\/uploads\/2018\/02\/Miscible_02_Photocredit_S\u00e9bastien_Roy_crop.jpg\" \/><br \/>\nSociety for Arts and Technology (SAT) and Festival Maintenant, Montreal (CA) and Rennes (FR), 2014. Photo : Sebastien Roy<\/p>\n<p><strong>Cr\u00e9\u00e9 en 2014<\/strong><\/p>\n<p><strong>Technique:\u00a0<\/strong>Chaque lieu a besoin de 3 bocaux de chimie en verre et faits sur mesure, 9 sacs de perfusion, 3 supports \u00e0 sac, liquides ( glace s\u00e8che, eau, acide citrique, bicarbonate de soude, quinine ), r\u00e9seau Wifi, 1 ordinateur r\u00e9seau avec le syst\u00e8me Scenic de la SAT, carte d&rsquo;acquisition vid\u00e9o et entr\u00e9e audio 2 canaux, 1 ordinateur visuel g\u00e9n\u00e9ratif, 1 ordinateur son, syst\u00e8me de vid\u00e9o projection A pour 6 \u00e9crans circulaires, syst\u00e8me de vid\u00e9o projection B pour d\u00f4me ou \u00e9crans, 3 tables, 3 micros, 6 \u00e9crans de projection circulaires, d\u00f4me ou \u00e9crans de projection, de 4 \u00e0 150 haut-parleurs pour une diffusion ambiophonique, console de mixage audio, 3 lampes ultra-violet, 3 micro contr\u00f4leurs et \u00e9lectronique, 3 cam\u00e9ras vid\u00e9o, logiciel audio, logiciel visuel et logiciel multim\u00e9dia.<\/p>\n<p><strong>Dimensions:\u00a0<\/strong>Variable, d\u00f4me de la SAT, rayon 900 cm, hauteur 1300 cm (configuration Montr\u00e9al) \/ \u00e9crans de projection vid\u00e9o minimum de 360 x 200 cm ( configuration Rennes), Espace minimum requis pour l&rsquo;interaction avec le dispositif : 700 cm x 700 cm<\/p>\n<p><strong>Presse et documentation :<\/strong><br \/>\n&#8211; <a href=\"http:\/\/www.manuelchantre.com\/wp-content\/uploads\/2014\/11\/2014_LISAA-Line_Miscible.pdf\" target=\"_blank\" rel=\"noopener\">Mention<\/a>, LISAA-Line, Rennes (FR), 2014<br \/>\n&#8211; <a href=\"http:\/\/youtu.be\/CS4tfkcEXkw\">Entrevue vid\u00e9o<\/a>, Site web de la ville de Rennes, Rennes (FR), 2014<br \/>\n&#8211; <a href=\"http:\/\/www.manuelchantre.com\/wp-content\/uploads\/2014\/10\/2014_The_Creators_Project_Benoit_Palop_Miscible-1.pdf\" target=\"_blank\" rel=\"noopener\">Article<\/a>, The Creators Project, Benoit Palop (Web), 2014<br \/>\n&#8211; <a href=\"http:\/\/www.manuelchantre.com\/wp-content\/uploads\/2014\/10\/2014_psfk_Emma_Hutchings_Miscible-1.pdf\" target=\"_blank\" rel=\"noopener\">Article<\/a>, PSFK, Emma Hutchings, New York (US), 2014<br \/>\n&#8211; <a href=\"http:\/\/www.manuelchantre.com\/wp-content\/uploads\/2014\/10\/2014_Nightlife_Miscible-1.pdf\" target=\"_blank\" rel=\"noopener\">Mention<\/a>, Nightlife.ca, Montr\u00e9al (CA), 2014<br \/>\n&#8211; <a href=\"http:\/\/www.manuelchantre.com\/wp-content\/uploads\/2014\/10\/2014_Graphisme_et_interactivit\u00e9_Geoffrey_Dorne_Miscible-1.pdf\" target=\"_blank\" rel=\"noopener\">Article<\/a>, Graphisme et interactivit\u00e9, Geoffrey Dorne, Paris (FR), 2014<br \/>\n&#8211; <a href=\"http:\/\/www.manuelchantre.com\/wp-content\/uploads\/2014\/10\/2014_France3_St\u00e9phane_Grammont_Miscible-11.pdf\" target=\"_blank\" rel=\"noopener\">Mention<\/a>, France3, St\u00e9phane Grammont (Web), 2014<br \/>\n&#8211; <a href=\"http:\/\/www.manuelchantre.com\/wp-content\/uploads\/2014\/10\/2014_Festival-Maintenant_Miscible.pdf\" target=\"_blank\" rel=\"noopener\">Mention<\/a>, Festival Maintenant, Rennes (FR), 2014<br \/>\n&#8211; <a href=\"http:\/\/www.manuelchantre.com\/wp-content\/uploads\/2014\/10\/2014_The_Link_Elysia-Marie_Campbell_Miscible.pdf\" target=\"_blank\" rel=\"noopener\">Article<\/a>, The Link, Elysia-Marie Campbell, Montr\u00e9al (CA), 2014<br \/>\n&#8211; <a href=\"http:\/\/www.manuelchantre.com\/wp-content\/uploads\/2014\/10\/2014_Chromogenesis_Miscible.pdf\" target=\"_blank\" rel=\"noopener\">Article<\/a>, Chromogenesis, (Web), 2014<br \/>\n&#8211; <a href=\"http:\/\/www.manuelchantre.com\/wp-content\/uploads\/2014\/10\/2014_Design_Shopp_Miscible.pdf\" target=\"_blank\" rel=\"noopener\">Mention<\/a>, Design Shopp (Web), 2014<br \/>\n&#8211; <a href=\"http:\/\/www.manuelchantre.com\/wp-content\/uploads\/2014\/10\/2014_international.gouv_Miscible.pdf\" target=\"_blank\" rel=\"noopener\">Mention<\/a>, Gouvernement du Qu\u00e9bec (Web), 2014<br \/>\n&#8211; <a href=\"http:\/\/www.manuelchantre.com\/wp-content\/uploads\/2014\/10\/2014_Le_blog_de_l_Association_Electronik_Miscible.pdf\" target=\"_blank\" rel=\"noopener\">Mention<\/a>, Blog de l&rsquo;Association Electroni[k] (Web), 2014<br \/>\n&#8211; <a href=\"http:\/\/www.manuelchantre.com\/wp-content\/uploads\/2014\/10\/2014_Service_culturel_Universit\u00e9_de_Rennes1_Marie-Aude_Lefeuvre_Miscible.pdf\" target=\"_blank\" rel=\"noopener\">Mention<\/a>, Service culturel de l&rsquo;Universit\u00e9 de Rennes1, Marie-Aude Lefeuvre, Rennes (FR), 2014<br \/>\n&#8211; <a href=\"http:\/\/www.manuelchantre.com\/wp-content\/uploads\/2014\/10\/2014_Alter1fo_Miscible.pdf\" target=\"_blank\" rel=\"noopener\">Article<\/a>, Alter1fo, Rennes (FR), 2014<br \/>\n&#8211; <a href=\"http:\/\/www.manuelchantre.com\/wp-content\/uploads\/2014\/10\/2014_Lib\u00e9ration_Miscible.pdf\" target=\"_blank\" rel=\"noopener\">Mention<\/a>, Lib\u00e9ration, Paris (FR), 2014<br \/>\n&#8211; <a href=\"http:\/\/www.manuelchantre.com\/wp-content\/uploads\/2014\/10\/2014_Rennes_la_Novosph\u00e8re_Miscible.pdf\" target=\"_blank\" rel=\"noopener\">Article<\/a>, La novosph\u00e8re, Rennes (FR), 2014<br \/>\n&#8211; <a href=\"http:\/\/vimeo.com\/105748607\">Entrevue vid\u00e9o<\/a>, Soci\u00e9t\u00e9 des arts technologiques (SAT), Rennes (FR), 2014<br \/>\n&#8211; <a href=\"http:\/\/www.manuelchantre.com\/wp-content\/uploads\/2014\/10\/2014_Le_diapason_Miscible.pdf\" target=\"_blank\" rel=\"noopener\">Mention<\/a>, Le Diapason, Rennes (FR), 2014<\/p>\n<p><strong>Cr\u00e9dits:\u00a0<\/strong>Miscible est une initiative du service culturel de l\u2019Universit\u00e9 Rennes 1, de la Soci\u00e9t\u00e9 des arts technologiques (SAT) de Montr\u00e9al avec l\u2019appui du Festival Maintenant et le soutien de Rennes M\u00e9tropole, du Fonds Franco Qu\u00e9b\u00e9cois de Coop\u00e9ration D\u00e9centralis\u00e9e, du Minist\u00e8re des Relations Internationales du Qu\u00e9bec et de la Ville de Rennes.<\/p>\n<p><strong>L&rsquo;\u00e9quipe \u00e0 Montr\u00e9al :<\/strong>\u00a0Manuel Chantre, artiste montr\u00e9alais, Patrick Bauchat, enseignant chercheur de l\u2019universit\u00e9 de Rennes1, Michal Seta et Nicolas Bouillot, d\u00e9veloppeurs Sc\u00e9nic au M\u00e9talab.<\/p>\n<p><strong>L&rsquo;\u00e9quipe \u00e0 Rennes :<\/strong>\u00a0Maotik, artiste fran\u00e7ais, Ludovic Paquin et Fran\u00e7ois Lemercier, enseignants chercheurs de l\u2019universit\u00e9 de Rennes1, Thierry Pain, souffleur de verre.<\/p>\n<p>Pr\u00e9sent\u00e9 dans le cadre du programme d\u2019\u00e9changes SAT Contamine. Une collaboration entre la Soci\u00e9t\u00e9 des arts technologiques [SAT] et le service culturel de l\u2019Universit\u00e9 Rennes 1 avec l\u2019appui de Rennes M\u00e9tropole, du Fonds franco-qu\u00e9b\u00e9cois pour la coop\u00e9ration d\u00e9centralis\u00e9e (FFQCD), du minist\u00e8re des Relations internationales et de la Francophonie du Qu\u00e9bec et de la ville de Rennes dans le cadre d\u2019Opportunit\u00e9s Digitales et du festival Maintenant.<\/p>\n<p><img loading=\"lazy\" decoding=\"async\" title=\"Logo-rennes1\" src=\"http:\/\/www.manuelchantre.com\/wp-content\/uploads\/2014\/11\/logo-rennes1.jpg\" alt=\"Logo-rennes1\" width=\"79\" height=\"50\" \/> <img loading=\"lazy\" decoding=\"async\" title=\"Logo-relations-internationales\" src=\"http:\/\/www.manuelchantre.com\/wp-content\/uploads\/2014\/11\/logo-relations-internationales.jpg\" alt=\"Logo-relations-internationales\" width=\"79\" height=\"50\" \/> <img loading=\"lazy\" decoding=\"async\" title=\"Logo-metropole-rennes\" src=\"http:\/\/www.manuelchantre.com\/wp-content\/uploads\/2014\/11\/logo-metropole-rennes.jpg\" alt=\"Logo-metropole-rennes\" width=\"79\" height=\"50\" \/> <img loading=\"lazy\" decoding=\"async\" title=\"Logo-electonik\" src=\"http:\/\/www.manuelchantre.com\/wp-content\/uploads\/2014\/11\/logo-electonik.jpg\" alt=\"Logo-electonik\" width=\"25\" height=\"15\" \/> <img loading=\"lazy\" decoding=\"async\" title=\"Logo-diapason\" src=\"http:\/\/www.manuelchantre.com\/wp-content\/uploads\/2014\/11\/logo-diapason.jpg\" alt=\"Logo-diapason\" width=\"79\" height=\"50\" \/> <img loading=\"lazy\" decoding=\"async\" title=\"Logo-relations-internationales-et-francophonie\" src=\"http:\/\/www.manuelchantre.com\/wp-content\/uploads\/2014\/11\/logo-relations-internationales-et-francophonie.jpg\" alt=\"Logo-relations-internationales-et-francophonie\" width=\"79\" height=\"50\" \/> <img loading=\"lazy\" decoding=\"async\" title=\"Logo-cr\u00e92\" src=\"http:\/\/www.manuelchantre.com\/wp-content\/uploads\/2014\/11\/Logo-cr\u00e92.jpg\" alt=\"Logo-cr\u00e92\" width=\"50\" height=\"25\" \/>\u00a0 <img loading=\"lazy\" decoding=\"async\" title=\"SAT_logo_fr\" src=\"http:\/\/www.manuelchantre.com\/wp-content\/uploads\/2014\/06\/SAT_logo_fr.jpg\" alt=\"SAT_logo_fr\" width=\"79\" height=\"50\" \/>\u00a0 <img loading=\"lazy\" decoding=\"async\" title=\"Logo-CALQ-13\" src=\"http:\/\/www.manuelchantre.com\/wp-content\/uploads\/2014\/06\/Logo-CALQ-13.jpg\" alt=\"Logo-CALQ-13\" width=\"79\" height=\"50\" \/><\/p>\n<p><!-- Google tag (gtag.js) --><br \/>\n<script async src=\"https:\/\/www.googletagmanager.com\/gtag\/js?id=G-G0RLQ9LR4N\"><\/script><br \/>\n<script>\n  window.dataLayer = window.dataLayer || [];\n  function gtag(){dataLayer.push(arguments);}\n  gtag('js', new Date());<\/p>\n<p>  gtag('config', 'G-G0RLQ9LR4N');\n<\/script><\/p>\n","protected":false},"excerpt":{"rendered":"<p>MISCIBLE\u00a0 \u00c0 mi-chemin entre la performance et l\u2019installation audiovisuelle, l&rsquo;oeuvre est une exp\u00e9rience collective et interactive en t\u00e9l\u00e9pr\u00e9sence. Les publics de la Soci\u00e9t\u00e9 des arts technologiques (SAT) \u00e0 Montr\u00e9al (CA) et du Festival Maintenant \u00e0 Rennes (FR) participent simultan\u00e9ment \u00e0 la cr\u00e9ation d\u2019une oeuvre audiovisuelle en temps r\u00e9el. Ils manipulent un dispositif multim\u00e9dia constitu\u00e9 de<\/p>\n","protected":false},"author":1,"featured_media":0,"parent":0,"menu_order":0,"comment_status":"closed","ping_status":"open","template":"","meta":{"om_disable_all_campaigns":false,"_monsterinsights_skip_tracking":false,"_monsterinsights_sitenote_active":false,"_monsterinsights_sitenote_note":"","_monsterinsights_sitenote_category":0,"footnotes":""},"class_list":["post-3039","page","type-page","status-publish","hentry"],"aioseo_notices":[],"_links":{"self":[{"href":"http:\/\/www.manuelchantre.com\/fr\/wp-json\/wp\/v2\/pages\/3039","targetHints":{"allow":["GET"]}}],"collection":[{"href":"http:\/\/www.manuelchantre.com\/fr\/wp-json\/wp\/v2\/pages"}],"about":[{"href":"http:\/\/www.manuelchantre.com\/fr\/wp-json\/wp\/v2\/types\/page"}],"author":[{"embeddable":true,"href":"http:\/\/www.manuelchantre.com\/fr\/wp-json\/wp\/v2\/users\/1"}],"replies":[{"embeddable":true,"href":"http:\/\/www.manuelchantre.com\/fr\/wp-json\/wp\/v2\/comments?post=3039"}],"version-history":[{"count":7,"href":"http:\/\/www.manuelchantre.com\/fr\/wp-json\/wp\/v2\/pages\/3039\/revisions"}],"predecessor-version":[{"id":6510,"href":"http:\/\/www.manuelchantre.com\/fr\/wp-json\/wp\/v2\/pages\/3039\/revisions\/6510"}],"wp:attachment":[{"href":"http:\/\/www.manuelchantre.com\/fr\/wp-json\/wp\/v2\/media?parent=3039"}],"curies":[{"name":"wp","href":"https:\/\/api.w.org\/{rel}","templated":true}]}}