{"id":2999,"date":"2014-08-14T08:06:37","date_gmt":"2014-08-14T12:06:37","guid":{"rendered":"http:\/\/www.manuelchantre.com\/?page_id=2999"},"modified":"2023-10-27T16:12:24","modified_gmt":"2023-10-27T20:12:24","slug":"triple3-fr","status":"publish","type":"page","link":"http:\/\/www.manuelchantre.com\/fr\/triple3-fr\/","title":{"rendered":"Triple3"},"content":{"rendered":"<p><span style=\"font-size: 30px;\">TRIPLE3<\/span><\/p>\n<p>L&rsquo;installation audiovisuelle interactive est un commentaire sur la m\u00e9canique des r\u00e9seaux sociaux. Les \u00e9changes, sur le compte Twitter de l&rsquo;oeuvre\u00a0<a href=\"https:\/\/twitter.com\/digitaltriple3\" target=\"_blank\" rel=\"noopener\">@digitaltriple3<\/a>, cr\u00e9ent une forme 3D projet\u00e9e sur le dispositif vid\u00e9o.<\/p>\n<p>\u00c0 partir d&rsquo;un ordinateur mis \u00e0 la disposition du public, d&rsquo;un t\u00e9l\u00e9phone portable ou d&rsquo;un ordinateur \u00e0 l&rsquo;ext\u00e9rieur de la galerie, les gens \u00e9crivent au compte Twitter d\u00e9di\u00e9e \u00e0 Triple3. Le texte g\u00e9n\u00e8re une forme g\u00e9om\u00e9trique cr\u00e9\u00e9e en direct.<\/p>\n<p>Les donn\u00e9es ne sont plus utilis\u00e9es pour leur contenu. Ce qui importe, c&rsquo;est l&rsquo;impact sur la transformation de l&rsquo;oeuvre. Une nouvelle relation s&rsquo;inscrit entre le public actuel ou pass\u00e9 ainsi que les membres de Twitter \u00e0 travers le monde.<\/p>\n<p><strong>Expositions :<\/strong><br \/>\n&#8211; Center3 for Print and Media Art, Hamilton (CA), 2014<\/p>\n<table>\n<tbody>\n<tr>\n<td><img decoding=\"async\" style=\"max-width: 95%;\" src=\"http:\/\/www.manuelchantre.com\/wp-content\/uploads\/2018\/02\/Triple3_32_Photocredit_Manuel_Chantre_crop.jpg\" \/><\/td>\n<td>\u00a0 \u00a0 <img decoding=\"async\" style=\"max-width: 95%;\" src=\"http:\/\/www.manuelchantre.com\/wp-content\/uploads\/2018\/02\/Triple3_43_Photocredit_Manuel_Chantre.jpg\" \/><\/td>\n<\/tr>\n<tr>\n<td>Center3 for Print and Media Art, Hamilton (CA), 2014. Photo : Manuel Chantre<\/td>\n<td>Center3 for Print and Media Art, Hamilton (CA), 2014. Photo : Manuel Chantre<\/td>\n<\/tr>\n<\/tbody>\n<\/table>\n<p><img decoding=\"async\" style=\"max-width: 100%;\" src=\"http:\/\/www.manuelchantre.com\/wp-content\/uploads\/2018\/02\/Triple3_02_Photocredit_Andrew_Butkevicius_crop.jpg\" \/><br \/>\nCenter3 for Print and Media Art, Hamilton (CA), 2014. Photo : Andrew Butkevicius<br \/>\n<img decoding=\"async\" style=\"max-width: 100%;\" src=\"http:\/\/www.manuelchantre.com\/wp-content\/uploads\/2018\/02\/Triple3_03_Photocredit_Andrew_Butkevicius_crop.jpg\" \/><br \/>\nCenter3 for Print and Media Art, Hamilton (CA), 2014. Photo : Andrew Butkevicius<\/p>\n<table>\n<tbody>\n<tr>\n<td><img decoding=\"async\" style=\"max-width: 95%;\" src=\"http:\/\/www.manuelchantre.com\/wp-content\/uploads\/2018\/02\/Triple3_04_Photocredit_Andrew_Butkevicius_crop.jpg\" \/><\/td>\n<td>\u00a0 \u00a0 <img decoding=\"async\" style=\"max-width: 95%;\" src=\"http:\/\/www.manuelchantre.com\/wp-content\/uploads\/2018\/02\/Triple3_25_Photocredit_Manuel_Chantre_crop.jpg\" \/><\/td>\n<\/tr>\n<tr>\n<td>Center3 for Print and Media Art, Hamilton (CA), 2014. Photo : Manuel Chantre<\/td>\n<td>Center3 for Print and Media Art, Hamilton (CA), 2014. Photo : Andrew Butkeviciu<\/td>\n<\/tr>\n<\/tbody>\n<\/table>\n<p><img decoding=\"async\" style=\"max-width: 100%;\" src=\"http:\/\/www.manuelchantre.com\/wp-content\/uploads\/2018\/02\/Triple3_37_Photocredit_Manuel_Chantre_crop.jpg\" \/><br \/>\nCenter3 for Print and Media Art, Hamilton (CA), 2014. Photo : Manuel Chantre<br \/>\n<img decoding=\"async\" style=\"max-width: 100%;\" src=\"http:\/\/www.manuelchantre.com\/wp-content\/uploads\/2018\/02\/Triple3_00_Photocredit_Andrew_Butkevicius_crop.jpg\" \/><br \/>\nCenter3 for Print and Media Art, Hamilton (CA), 2014. Photo : Andrew Butkeviciu<\/p>\n<p><strong>Cr\u00e9\u00e9 en 2014<\/strong><\/p>\n<p><strong>Technique:\u00a0<\/strong>Polyol\u00e9fin, 4 c\u00e2bles en acier, logiciel multim\u00e9dia, connection Internet, ordinateur, projecteur vid\u00e9o, 2 haut-parleurs, souris, socle<\/p>\n<p><strong>Dimensions:\u00a0<\/strong>38 x 38 x 122 cm<\/p>\n<p><strong>Presse et documentation :<\/strong><br \/>\n&#8211;\u00a0<a href=\"http:\/\/www.manuelchantre.com\/wp-content\/uploads\/2014\/09\/Triple3_Brochure.pdf\">Article<\/a>, Center3, Jim Riley, Hamilton (CA), 2014<\/p>\n<p><strong>Cr\u00e9dits:\u00a0<\/strong>Musique, 3D, programmation et conception: Manuel Chantre\u00a0\/ Consultant programmation web : Pierre-Antoine Chesnel<\/p>\n<p><!-- Google tag (gtag.js) --><br \/>\n<script async src=\"https:\/\/www.googletagmanager.com\/gtag\/js?id=G-G0RLQ9LR4N\"><\/script><br \/>\n<script>\n  window.dataLayer = window.dataLayer || [];\n  function gtag(){dataLayer.push(arguments);}\n  gtag('js', new Date());<\/p>\n<p>  gtag('config', 'G-G0RLQ9LR4N');\n<\/script><\/p>\n","protected":false},"excerpt":{"rendered":"<p>TRIPLE3 L&rsquo;installation audiovisuelle interactive est un commentaire sur la m\u00e9canique des r\u00e9seaux sociaux. Les \u00e9changes, sur le compte Twitter de l&rsquo;oeuvre\u00a0@digitaltriple3, cr\u00e9ent une forme 3D projet\u00e9e sur le dispositif vid\u00e9o. \u00c0 partir d&rsquo;un ordinateur mis \u00e0 la disposition du public, d&rsquo;un t\u00e9l\u00e9phone portable ou d&rsquo;un ordinateur \u00e0 l&rsquo;ext\u00e9rieur de la galerie, les gens \u00e9crivent au<\/p>\n","protected":false},"author":1,"featured_media":0,"parent":0,"menu_order":0,"comment_status":"closed","ping_status":"open","template":"","meta":{"om_disable_all_campaigns":false,"_monsterinsights_skip_tracking":false,"_monsterinsights_sitenote_active":false,"_monsterinsights_sitenote_note":"","_monsterinsights_sitenote_category":0,"footnotes":""},"class_list":["post-2999","page","type-page","status-publish","hentry"],"aioseo_notices":[],"_links":{"self":[{"href":"http:\/\/www.manuelchantre.com\/fr\/wp-json\/wp\/v2\/pages\/2999","targetHints":{"allow":["GET"]}}],"collection":[{"href":"http:\/\/www.manuelchantre.com\/fr\/wp-json\/wp\/v2\/pages"}],"about":[{"href":"http:\/\/www.manuelchantre.com\/fr\/wp-json\/wp\/v2\/types\/page"}],"author":[{"embeddable":true,"href":"http:\/\/www.manuelchantre.com\/fr\/wp-json\/wp\/v2\/users\/1"}],"replies":[{"embeddable":true,"href":"http:\/\/www.manuelchantre.com\/fr\/wp-json\/wp\/v2\/comments?post=2999"}],"version-history":[{"count":6,"href":"http:\/\/www.manuelchantre.com\/fr\/wp-json\/wp\/v2\/pages\/2999\/revisions"}],"predecessor-version":[{"id":6517,"href":"http:\/\/www.manuelchantre.com\/fr\/wp-json\/wp\/v2\/pages\/2999\/revisions\/6517"}],"wp:attachment":[{"href":"http:\/\/www.manuelchantre.com\/fr\/wp-json\/wp\/v2\/media?parent=2999"}],"curies":[{"name":"wp","href":"https:\/\/api.w.org\/{rel}","templated":true}]}}