{"id":2843,"date":"2014-06-25T10:24:04","date_gmt":"2014-06-25T14:24:04","guid":{"rendered":"http:\/\/www.manuelchantre.com\/?page_id=2843"},"modified":"2023-10-27T15:52:37","modified_gmt":"2023-10-27T19:52:37","slug":"album-en-beton-usb-fr","status":"publish","type":"page","link":"http:\/\/www.manuelchantre.com\/fr\/album-en-beton-usb-fr\/","title":{"rendered":"Album en b\u00e9ton-USB"},"content":{"rendered":"<p><span style=\"font-size: 30px;\">ALBUM EN B\u00c9TON- USB<\/span><\/p>\n<p>En 2010, Chantre pr\u00e9sente Memorsion, une installation audiovisuelle immersive con\u00e7ue pour 22 toiles de projection. L&rsquo;oeuvre est une r\u00e9flexion et une fiction sur la m\u00e9moire collective des lieux urbains abandonn\u00e9s.L&rsquo;artiste soutient que les lieux ont leur propre existence, ind\u00e9pendamment de ceux qui l&rsquo;habitent. Pour clore le projet, Chantre lance \u00e0 l&rsquo;automne 2012 une compilation des musiques de Memorsion. Il choisi de ne pas la diffuser par un album en format CD, puisque ce type de format est de moins en mois populaire et utilis\u00e9. Il d\u00e9cide donc de c\u00e9er l&rsquo;album sous la forme d&rsquo;un bloc en b\u00e9ton dont les donn\u00e9es sont accessibles par un branchement par c\u00e2ble USB \u00e0 un ordinateur. Les cinquante exemplaires sont num\u00e9rot\u00e9s par une gravure sur la t\u00eate d&rsquo;un cloue en acier galvanis\u00e9, visible sous le bloc.<\/p>\n<p>Les musiques, des textes et vid\u00e9os de Memorsion sont gard\u00e9s en moire dans le bloc. Il ajoute \u00e9galement les pi\u00e8ces de son installation Dispergere Maiz et une pi\u00e8ce du collectif Popcore Duo. La mise \u00e0 jours 2.0 du bloc comprend la trame sonore de Six Mil Antennas. L&rsquo;objet est un commentaire sur la mat\u00e9rialit\u00e9 du m\u00e9dium porteur de la musique &#8211; tel que le CD ou le disque de vinyle &#8211; \u00e0 l\u2019\u00e8re des donn\u00e9es num\u00e9riques. Les formats num\u00e9riques, notamment les mp3, sont depuis les ann\u00e9es 2000 de plus en plus utilis\u00e9s pour transmettre la musique par le Web ou d&rsquo;un ordinateur \u00e0 l&rsquo;autre. Cette musique digitale num\u00e9rique, maintenant gard\u00e9e sur de la m\u00e9moire miniature comme la m\u00e9moire flash, n&rsquo;a plus \u00e0 prendre la forme d&rsquo;un CD ou d&rsquo;un disque de vinyle.<\/p>\n<p>La musique peut \u00eatre gard\u00e9e sous n&rsquo;importe quelle forme. Le support est ici d&rsquo;avantage de l&rsquo;ordre de la repr\u00e9sentation que de l&rsquo;expression d&rsquo;une technologie comme le CD, le disque de vinyles ou le ruban magn\u00e9tique. En ce sens, l&rsquo;album USB poursuit la r\u00e9flexion de l&rsquo;artiste sur la m\u00e9moire collective des lieux urbains abandonn\u00e9s le th\u00e8me central de l\u2019installation Memorsion. Les lieux, tout comme les objets &#8211; existent ind\u00e9pendamment de ceux qui l&rsquo;habitent ou les utilisent. L&rsquo;album exprime une volont\u00e9 de conserver les objets; de soutenir que les choses tangibles sont plus durables que les donn\u00e9es digitales du Web ou des disques dures. L&rsquo;album de b\u00e9ton, en existe en tant que mati\u00e8re, est en contradiction \u00e0 la mar\u00e9e d&rsquo;information et de donn\u00e9es qui circulent continuellement et abondamment dans le Web ou qui est conserv\u00e9e dans les disques dures.<\/p>\n<p><strong>Collection:\u00a0<\/strong>Collection priv\u00e9e<\/p>\n<p><span style=\"font-weight: 400;\"><strong>Exemplaires:<\/strong> 50 copies, 5 disponibles,\u00a0<\/span><a href=\"mailto:m@manuelchantre.com\">info<\/a>.<\/p>\n<p><img decoding=\"async\" style=\"max-width: 100%;\" src=\"http:\/\/www.manuelchantre.com\/wp-content\/uploads\/2018\/02\/Memorsion_Album_4_Photocredit_Manuel_Chantre_crop.jpg\" \/><br \/>\nConcrete-USB Album, 2010, Montreal (CA) Photo : Manuel Chantre<br \/>\n<img decoding=\"async\" style=\"max-width: 100%;\" src=\"http:\/\/www.manuelchantre.com\/wp-content\/uploads\/2018\/02\/Memorsion_Album_3_Photocredit_Manuel_Chantre_crop.jpg\" \/><br \/>\nConcrete-USB Album, 2010, Montreal (CA) Photo : Manuel Chantre<br \/>\n<img decoding=\"async\" style=\"max-width: 100%;\" src=\"http:\/\/www.manuelchantre.com\/wp-content\/uploads\/2018\/02\/Memorsion_Album_2_Photocredit_Manuel_Chantre_crop.jpg\" \/><br \/>\nConcrete-USB Album, 2010, Montreal (CA) Photo : Manuel Chantre<\/p>\n<p><strong>Cr\u00e9\u00e9 en 2012<\/strong><\/p>\n<p><strong>Technique:<\/strong>\u00a0 B\u00e9ton fibr\u00e9 ultra haute performance (BFUHP), \u00e9lectronique, m\u00e9moire flash, c\u00e2ble USB de type B F, plastique, acier galvanis\u00e9<\/p>\n<p><strong>Dimensions:<\/strong>\u00a0 5.08 x 6.35 x 12.70 cm<\/p>\n<p><strong>Presse et documentation :<\/strong><br \/>\n&#8211;\u00a0<a href=\"https:\/\/soundcloud.com\/manuel-chantre\/entrevue-radio-ckrl-la-croche\">Entrevue audio<\/a>, CKRL, La croche oreille, Qu\u00e9bec (CA), 2013<\/p>\n<p><strong>Collection:\u00a0<\/strong>Collection priv\u00e9e<\/p>\n<p><strong>Exemplaires:<\/strong> 50 copies, 5 disponibles,\u00a0<a href=\"mailto:m@manuelchantre.com\">info<\/a>.<\/p>\n<p><!-- Google tag (gtag.js) --><br \/>\n<script async src=\"https:\/\/www.googletagmanager.com\/gtag\/js?id=G-G0RLQ9LR4N\"><\/script><br \/>\n<script>\n  window.dataLayer = window.dataLayer || [];\n  function gtag(){dataLayer.push(arguments);}\n  gtag('js', new Date());<\/p>\n<p>  gtag('config', 'G-G0RLQ9LR4N');\n<\/script><\/p>\n","protected":false},"excerpt":{"rendered":"<p>ALBUM EN B\u00c9TON- USB En 2010, Chantre pr\u00e9sente Memorsion, une installation audiovisuelle immersive con\u00e7ue pour 22 toiles de projection. L&rsquo;oeuvre est une r\u00e9flexion et une fiction sur la m\u00e9moire collective des lieux urbains abandonn\u00e9s.L&rsquo;artiste soutient que les lieux ont leur propre existence, ind\u00e9pendamment de ceux qui l&rsquo;habitent. Pour clore le projet, Chantre lance \u00e0 l&rsquo;automne<\/p>\n","protected":false},"author":1,"featured_media":0,"parent":0,"menu_order":0,"comment_status":"closed","ping_status":"open","template":"","meta":{"om_disable_all_campaigns":false,"_monsterinsights_skip_tracking":false,"_monsterinsights_sitenote_active":false,"_monsterinsights_sitenote_note":"","_monsterinsights_sitenote_category":0,"footnotes":""},"class_list":["post-2843","page","type-page","status-publish","hentry"],"aioseo_notices":[],"_links":{"self":[{"href":"http:\/\/www.manuelchantre.com\/fr\/wp-json\/wp\/v2\/pages\/2843","targetHints":{"allow":["GET"]}}],"collection":[{"href":"http:\/\/www.manuelchantre.com\/fr\/wp-json\/wp\/v2\/pages"}],"about":[{"href":"http:\/\/www.manuelchantre.com\/fr\/wp-json\/wp\/v2\/types\/page"}],"author":[{"embeddable":true,"href":"http:\/\/www.manuelchantre.com\/fr\/wp-json\/wp\/v2\/users\/1"}],"replies":[{"embeddable":true,"href":"http:\/\/www.manuelchantre.com\/fr\/wp-json\/wp\/v2\/comments?post=2843"}],"version-history":[{"count":7,"href":"http:\/\/www.manuelchantre.com\/fr\/wp-json\/wp\/v2\/pages\/2843\/revisions"}],"predecessor-version":[{"id":6490,"href":"http:\/\/www.manuelchantre.com\/fr\/wp-json\/wp\/v2\/pages\/2843\/revisions\/6490"}],"wp:attachment":[{"href":"http:\/\/www.manuelchantre.com\/fr\/wp-json\/wp\/v2\/media?parent=2843"}],"curies":[{"name":"wp","href":"https:\/\/api.w.org\/{rel}","templated":true}]}}