{"id":2805,"date":"2014-06-15T11:24:01","date_gmt":"2014-06-15T15:24:01","guid":{"rendered":"http:\/\/www.manuelchantre.com\/?page_id=2805"},"modified":"2023-10-27T16:11:37","modified_gmt":"2023-10-27T20:11:37","slug":"six-mil-antennas-fr","status":"publish","type":"page","link":"http:\/\/www.manuelchantre.com\/fr\/six-mil-antennas-fr\/","title":{"rendered":"Six Mil Antennas"},"content":{"rendered":"<p><span style=\"font-size: 30px;\">SIX MIL ANTENNAS<\/span><\/p>\n<p><span style=\"font-size: 20px;\">SOUNDTRACK<\/span><\/p>\n<p>Commande d&rsquo;oeuvre musicale pour le film immersif Six Mil Antennas de Johnny Ranger, le premier film r\u00e9alis\u00e9 pour la Satosph\u00e8re 360 degr\u00e9s de la Soci\u00e9t\u00e9 des arts technologiques. Cette fiction nouveau genre propose un voyage dans un univers futuriste, psych\u00e9d\u00e9lique et non lin\u00e9aire. Le public est plong\u00e9 dans un environnement sensoriel et narratif compos\u00e9 de personnages qui \u00e9voluent dans de faux d\u00e9cors. Le film traite de fa\u00e7on abstraite de l\u2019interconnexion de diff\u00e9rents \u00e9tats de conscience personnelle, sociale et politique.<\/p>\n<p>Six Mil Antennas est la troisi\u00e8me oeuvre immersive en duo de Johnny Ranger et Manuel Chantre. Cette cr\u00e9ation est une synth\u00e8se de leurs collaborations et cr\u00e9ations respectives pour des oeuvres immersives aux narrations non lin\u00e9aires. La trame sonore est le r\u00e9sultat d&rsquo;une ann\u00e9e de travail et de dialogue entre les deux artistes.<\/p>\n<p><strong>Expositions:<\/strong><br \/>\n&#8211; Melbourne International Film Festival, Melbourne (AU), 2013<br \/>\n&#8211; Fulldome Festival, Jena (DE), 2013<br \/>\n&#8211; Dome Club, ThinkTank Planetarium, Birmingham (GB), 2013<br \/>\n&#8211; Soci\u00e9t\u00e9 des arts et technologies, Montr\u00e9al (CA), 2011-2012<\/p>\n<p><img loading=\"lazy\" decoding=\"async\" title=\"Logo-mindroots\" src=\"http:\/\/www.manuelchantre.com\/wp-content\/uploads\/2014\/05\/logo-mindroots.jpg\" alt=\"Logo-mindroots\" width=\"60\" height=\"20\" \/>\u00a0 <img loading=\"lazy\" decoding=\"async\" title=\"SAT_logo_fr\" src=\"http:\/\/www.manuelchantre.com\/wp-content\/uploads\/2014\/06\/SAT_logo_fr.jpg\" alt=\"SAT_logo_fr\" width=\"79\" height=\"50\" \/><\/p>\n<p><iframe loading=\"lazy\" title=\"SIX MIL ANTENNAS \/ Extended trailer\" src=\"https:\/\/player.vimeo.com\/video\/38551725?dnt=1&amp;app_id=122963\" width=\"1170\" height=\"658\" frameborder=\"0\" allow=\"autoplay; fullscreen; picture-in-picture\"><\/iframe><\/p>\n<p><strong>Album:<\/strong><br \/>\n<img loading=\"lazy\" decoding=\"async\" class=\"\" style=\"max-width: 100%;\" src=\"http:\/\/www.manuelchantre.com\/wp-content\/uploads\/2012\/07\/Six-Mil-Antennas-soundtrack_2.jpg\" width=\"230\" height=\"230\" \/><\/p>\n<p><a style=\"color: #cc0000;\" href=\"http:\/\/manuelchantre.bandcamp.com\/album\/six-mil-antennas-trame-sonore\" target=\"_blank\" rel=\"noopener\">Download \/ Listen<\/a><\/p>\n<p>Manuel Chantre a exprimer l&rsquo;univers de Johnny Ranger en d\u00e9veloppant une musique \u00e9lectronique psych\u00e9d\u00e9lique des ann\u00e9es 2010. Il s&rsquo;est \u00e9galement inspir\u00e9 de films que Johnny Ranger lui a propos\u00e9, tels que Enter the Void (Gaspar No\u00e9), Alphaville (Jean-Luc Godard), The Holy Mountain (Alejandro Jodorowsky) et Persona (Ingmar Bergman), et le documentaire The Spirit Molecule (Mitch Schultz). Les musiques ont \u00e9t\u00e9 compos\u00e9es avant de voir le visuel. Johnny Ranger lui expliquait sa vision artistique par des sons qu&rsquo;il a lui m\u00eame enregistr\u00e9 (respirations, bols tib\u00e9tains), des musiques, des dessins, des collages et le synopsis original qui a finalement \u00e9t\u00e9 modifi\u00e9 par la suite.<\/p>\n<p><strong>Prix:<\/strong><br \/>\n&#8211; Meilleur film exp\u00e9rimental pour Six Mil Antennas, GB Fulldome Festival, Leicerter (GB), 2012<br \/>\n&#8211; Meilleur film exp\u00e9rimental, GB Fulldome festival pour Six Mil Antennas, Birmingham (GB), 2012<\/p>\n<p><img decoding=\"async\" style=\"max-width: 100%;\" src=\"http:\/\/www.manuelchantre.com\/wp-content\/uploads\/2018\/02\/Photo_SIX-MIL-ANTENNAS_5_credit_S\u00e9bastien_Roy_crop.jpg\" \/><br \/>\nSoci\u00e9t\u00e9 des arts technologiques, Six Mil Antennas, Montr\u00e9al (CA), 2011-2012. Photo: S\u00e9bastien Roy<br \/>\n<img decoding=\"async\" style=\"max-width: 100%;\" src=\"http:\/\/www.manuelchantre.com\/wp-content\/uploads\/2018\/02\/MG_4974_crop.jpg\" \/><br \/>\nSoci\u00e9t\u00e9 des arts technologiques, Six Mil Antennas, Montr\u00e9al (CA), 2011-2012. Photo: S\u00e9bastien Roy<br \/>\n<img decoding=\"async\" style=\"max-width: 100%;\" src=\"http:\/\/www.manuelchantre.com\/wp-content\/uploads\/2018\/02\/MG_4967_crop.jpg\" \/><br \/>\nSoci\u00e9t\u00e9 des arts technologiques, Six Mil Antennas, Montr\u00e9al (CA), 2011-2012. Photo: S\u00e9bastien Roy<br \/>\n<img decoding=\"async\" style=\"max-width: 100%;\" src=\"http:\/\/www.manuelchantre.com\/wp-content\/uploads\/2018\/02\/MG_3330_crop.jpg\" \/><br \/>\nSoci\u00e9t\u00e9 des arts technologiques, Six Mil Antennas, Montr\u00e9al (CA), 2011-2012. Photo: S\u00e9bastien Roy<\/p>\n<p><strong>Cr\u00e9\u00e9 en 2011<\/strong><\/p>\n<p><strong>Technique:\u00a0<\/strong>Projection pour un d\u00f4me immersif, 8 projecteurs, syst\u00e8me audio multicannal 32.1 ou 5.1, ordinateur, logiciel de vid\u00e9o immersive<\/p>\n<p><strong>Dimensions:\u00a0<\/strong>Variable \/ demie-sph\u00e8re : rayon 900 cm, hauteur 1300cm<\/p>\n<p><strong>Presse et documentation :<\/strong><br \/>\n&#8211; <a href=\"http:\/\/www.manuelchantre.com\/wp-content\/uploads\/2014\/08\/2012_La_Presse_Six_mil_antennas164111.pdf\">Article<\/a>, La Presse, \u00c9ric Cl\u00e9ment, Six Mil Antennas, Montr\u00e9al (CA)<br \/>\n&#8211; <a href=\"http:\/\/www.manuelchantre.com\/wp-content\/uploads\/2014\/07\/2013_Melbourne_International_Film_Festival_Laurence_Six_Mil_Antennas.pdf\">Communication interne<\/a>, Melbourne International Film Festival, Warik Laurence, Melbourne (AU), 2013<br \/>\n&#8211; <a href=\"http:\/\/www.manuelchantre.com\/wp-content\/uploads\/2014\/07\/2013_Le_D\u00e9lit_Rinner_Six_Mil_Antennas.pdf\">Article<\/a>, Le D\u00e9lit, B. Rinner, Montr\u00e9al (CA), 2013<br \/>\n&#8211; <a href=\"http:\/\/www.manuelchantre.com\/wp-content\/uploads\/2014\/07\/2013_Melbourne_International_Film_Festival_Six_Mil_Antennas.pdf\">Article<\/a>, Melbourne International Film Festival, Melbourne (AU), 2013<br \/>\n&#8211; <a href=\"https:\/\/soundcloud.com\/manuel-chantre\/entrevue-radio-ckrl-la-croche\">Entrevue audio<\/a>, CKRL, La croche oreille, Qu\u00e9bec (CA), 2013<br \/>\n&#8211; <a href=\"http:\/\/www.manuelchantre.com\/wp-content\/uploads\/2014\/07\/2012_La_Vitrine_Gruet_Pelchat_Six_Mil_Antennas-4-4-4.pdf\">Article<\/a>, La Vitrine, Quand la r\u00e9alit\u00e9 bascule, Ariane Gruet Pelchat, Montr\u00e9al (CA), 2012<br \/>\n&#8211; <a href=\"http:\/\/www.manuelchantre.com\/wp-content\/uploads\/2014\/08\/2012_Kalibre_Six_mil_antennas-12222.pdf\">Article<\/a>, Kalibre, Luc Courchesne, Six Mil Antennas (Web), 2012<br \/>\n&#8211; <a href=\"http:\/\/www.manuelchantre.com\/wp-content\/uploads\/2014\/08\/2012_The_Creators_Project_Six_mil_Antennas-FR.jpg\">Article<\/a>, The Creators Project, B. Palop, Six mil Antennas (Web), 2012<br \/>\n&#8211; <a href=\"http:\/\/www.manuelchantre.com\/wp-content\/uploads\/2014\/08\/2012_Camuz_Six_mil_Antennas-112.pdf\">Article<\/a>, Camuz, Six mil Antennas album, Montr\u00e9al (CA), 2012<br \/>\n&#8211; <a href=\"http:\/\/www.manuelchantre.com\/wp-content\/uploads\/2014\/07\/2012_LaPresse_Cl\u00e9ment_Six-Mil-Antennas1_2.pdf\">Article<\/a>, La Presse, \u00abSix Mil Antennas : du cin\u00e9ma immersif qui a de l&rsquo;\u00e9toffe\u00bb, E. Cl\u00e9ment, album Six mil Antennas, Montr\u00e9al (CA), 2012<br \/>\n&#8211; <a href=\"http:\/\/www.manuelchantre.com\/wp-content\/uploads\/2014\/07\/2012_La_Presse_Cl\u00e9ment_six_mil_antennas.jpg\">Article<\/a>, La Presse, \u00abImmersions plurielles\u00bb, E. Cl\u00e9ment, Album Six mil Antennas, Montr\u00e9al (CA)<br \/>\n&#8211; Entrevue audio, CIBL, Louis-Ren\u00e9 Beaudin, entrevue pour l&rsquo;album, Qu\u00e9bec (CA), 2012<br \/>\n&#8211; <a href=\"http:\/\/www.manuelchantre.com\/wp-content\/uploads\/2014\/07\/2012_Le_M\u00e9dium_Saignant_Ornawka_Six_mil_Antennas_album-12.pdf\">Article<\/a>, Le M\u00e9dium Saignant, A. Ornawka, critique d&rsquo;album, Montr\u00e9al (CA), 2012<br \/>\n&#8211; <a href=\"http:\/\/www.manuelchantre.com\/wp-content\/uploads\/2014\/07\/2012_24H_Gauthier_Six_mil_Antennas_album.jpg\">Article<\/a>, 24H, Album Six mil Antennas, Montr\u00e9al (CA), 2012<br \/>\n&#8211; <a href=\"http:\/\/www.manuelchantre.com\/wp-content\/uploads\/2014\/07\/2012_cultMtl_Levine_Six-Mil-Antennas.jpg\">Article<\/a>, cultMTL, R. Levine, Six Mil Antennas, Montr\u00e9al (CA), 2012<br \/>\n&#8211; <a href=\"http:\/\/www.manuelchantre.com\/wp-content\/uploads\/2014\/07\/2012_SMA_soundtrack_ambient_Blog_Memorsion_and_other_works-1.pdf\">Article<\/a>, Ambiant blog, Six Mil Antennas et Memorsion and Other Works (Web), 2012<br \/>\n&#8211; <a href=\"http:\/\/www.manuelchantre.com\/wp-content\/uploads\/2014\/07\/2012_The_Gazette_Heinrich_Six-Mil-Antennas.jpg\">Article<\/a>, The Gazette, J. Heinrich, Montr\u00e9al (CA), 2012<\/p>\n<p><strong>Cr\u00e9dits:\u00a0<\/strong>R\u00e9alisateur: Johnny Ranger \/ Compositeur: Manuel Chantre \/ Harpe, harmonica: Jean Ranger \/ Flute: Brian D&rsquo;Oliveira \/ Saxophone basse: Jason Sharp \/ Guitare: Manuel Chantre \/ Voie: Marine Chantre Moreault \/ Exp\u00e9rimentations sonores: Francis Pineau \/ Studio d&rsquo;enregistrement 1: Manuel Chantre \/ Studio d&rsquo;enregistrement 2: Hacienda CREATIVE<\/p>\n<p>Une commande et une production de la Soci\u00e9t\u00e9 des arts technologiques et de Mindroots<\/p>\n<p><img loading=\"lazy\" decoding=\"async\" title=\"Logo-mindroots\" src=\"http:\/\/www.manuelchantre.com\/wp-content\/uploads\/2014\/05\/logo-mindroots.jpg\" alt=\"Logo-mindroots\" width=\"60\" height=\"20\" \/>\u00a0 <img loading=\"lazy\" decoding=\"async\" title=\"SAT_logo_fr\" src=\"http:\/\/www.manuelchantre.com\/wp-content\/uploads\/2014\/06\/SAT_logo_fr.jpg\" alt=\"SAT_logo_fr\" width=\"79\" height=\"50\" \/><\/p>\n<p><!-- Google tag (gtag.js) --><br \/>\n<script async src=\"https:\/\/www.googletagmanager.com\/gtag\/js?id=G-G0RLQ9LR4N\"><\/script><br \/>\n<script>\n  window.dataLayer = window.dataLayer || [];\n  function gtag(){dataLayer.push(arguments);}\n  gtag('js', new Date());<\/p>\n<p>  gtag('config', 'G-G0RLQ9LR4N');\n<\/script><\/p>\n","protected":false},"excerpt":{"rendered":"<p>SIX MIL ANTENNAS SOUNDTRACK Commande d&rsquo;oeuvre musicale pour le film immersif Six Mil Antennas de Johnny Ranger, le premier film r\u00e9alis\u00e9 pour la Satosph\u00e8re 360 degr\u00e9s de la Soci\u00e9t\u00e9 des arts technologiques. Cette fiction nouveau genre propose un voyage dans un univers futuriste, psych\u00e9d\u00e9lique et non lin\u00e9aire. Le public est plong\u00e9 dans un environnement sensoriel<\/p>\n","protected":false},"author":1,"featured_media":0,"parent":0,"menu_order":0,"comment_status":"closed","ping_status":"open","template":"","meta":{"om_disable_all_campaigns":false,"_monsterinsights_skip_tracking":false,"_monsterinsights_sitenote_active":false,"_monsterinsights_sitenote_note":"","_monsterinsights_sitenote_category":0,"footnotes":""},"class_list":["post-2805","page","type-page","status-publish","hentry"],"aioseo_notices":[],"_links":{"self":[{"href":"http:\/\/www.manuelchantre.com\/fr\/wp-json\/wp\/v2\/pages\/2805","targetHints":{"allow":["GET"]}}],"collection":[{"href":"http:\/\/www.manuelchantre.com\/fr\/wp-json\/wp\/v2\/pages"}],"about":[{"href":"http:\/\/www.manuelchantre.com\/fr\/wp-json\/wp\/v2\/types\/page"}],"author":[{"embeddable":true,"href":"http:\/\/www.manuelchantre.com\/fr\/wp-json\/wp\/v2\/users\/1"}],"replies":[{"embeddable":true,"href":"http:\/\/www.manuelchantre.com\/fr\/wp-json\/wp\/v2\/comments?post=2805"}],"version-history":[{"count":8,"href":"http:\/\/www.manuelchantre.com\/fr\/wp-json\/wp\/v2\/pages\/2805\/revisions"}],"predecessor-version":[{"id":6516,"href":"http:\/\/www.manuelchantre.com\/fr\/wp-json\/wp\/v2\/pages\/2805\/revisions\/6516"}],"wp:attachment":[{"href":"http:\/\/www.manuelchantre.com\/fr\/wp-json\/wp\/v2\/media?parent=2805"}],"curies":[{"name":"wp","href":"https:\/\/api.w.org\/{rel}","templated":true}]}}