{"id":2801,"date":"2014-06-13T17:31:18","date_gmt":"2014-06-13T21:31:18","guid":{"rendered":"http:\/\/www.manuelchantre.com\/?page_id=2801"},"modified":"2023-10-27T16:10:58","modified_gmt":"2023-10-27T20:10:58","slug":"reflections-reflexions-fr","status":"publish","type":"page","link":"http:\/\/www.manuelchantre.com\/fr\/reflections-reflexions-fr\/","title":{"rendered":"R\u00e9flections&#8230; r\u00e9flexions"},"content":{"rendered":"<p><span style=\"font-size: 30px;\">R\u00c9FLECTIONS&#8230; R\u00c9FLEXIONS<\/span><\/p>\n<p>Chantre a compos\u00e9 la musique et cr\u00e9\u00e9 la conception sonore pour le film R\u00e9flections&#8230;r\u00e9flection de Jean Ranger. \u00c0 travers une vision contemplative inspir\u00e9e librement de la ville de Rio de Janeiro viennent se greffer une s\u00e9rie de silhouettes, d\u2019entit\u00e9s organiques et d\u2019essences humaines coexistant dans de faux paysages.<\/p>\n<p>Le projet traite des ph\u00e9nom\u00e8nes d\u2019intuition et de t\u00e9l\u00e9pathie inconscientes entre les humains et leur environnement. Une narration non lin\u00e9aire propose un langage vibratoire qui alterne entre des espaces naturels et urbains, des r\u00e9seaux technologiques et des courants de pens\u00e9es.<\/p>\n<p><a href=\"http:\/\/www.tot.sat.qc.ca\/photos_e\/page_jranger\/reflexions.htm\">Site officiel<\/a><\/p>\n<p><strong>Expositions:<\/strong><br \/>\n&#8211; National Taiwan Museum of Fine Arts, Taiwan (TW), 2010<br \/>\n&#8211; Festival du Nouveau Cin\u00e9ma, Montr\u00e9al (CA), 2007<br \/>\n&#8211; Soci\u00e9t\u00e9 des arts technologiques, Montr\u00e9al (CA), 2006<\/p>\n<p><img loading=\"lazy\" decoding=\"async\" title=\"SAT_logo_fr\" src=\"http:\/\/www.manuelchantre.com\/wp-content\/uploads\/2014\/06\/SAT_logo_fr.jpg\" alt=\"SAT_logo_fr\" width=\"79\" height=\"50\" \/><\/p>\n<p><iframe loading=\"lazy\" title=\"Reflexions Reflections [immersiv movie]\" width=\"1170\" height=\"878\" src=\"https:\/\/www.youtube.com\/embed\/jOGWRGiVzug?feature=oembed\" frameborder=\"0\" allow=\"accelerometer; autoplay; clipboard-write; encrypted-media; gyroscope; picture-in-picture; web-share\" allowfullscreen><\/iframe><\/p>\n<p><img loading=\"lazy\" decoding=\"async\" class=\"\" style=\"max-width: 100%;\" src=\"http:\/\/www.manuelchantre.com\/wp-content\/uploads\/2014\/06\/ranger3-e1402941489524.jpg\" width=\"395\" height=\"222\" \/>\u00a0 \u00a0 \u00a0 \u00a0<img loading=\"lazy\" decoding=\"async\" class=\"\" style=\"max-width: 100%;\" src=\"http:\/\/www.manuelchantre.com\/wp-content\/uploads\/2014\/05\/reflexions_3-e1402937717352.jpg\" width=\"389\" height=\"218\" \/><br \/>\n<img decoding=\"async\" class=\"\" style=\"max-width: 100%;\" src=\"http:\/\/www.manuelchantre.com\/wp-content\/uploads\/2018\/02\/R\u00e9flexions.jpg\" \/><\/p>\n<p>Soci\u00e9t\u00e9 d&rsquo;art technologique, 2006, photo: Jean Ranger<\/p>\n<p><strong>Cr\u00e9\u00e9 en 2005<\/strong><\/p>\n<p><strong>Distinction:<\/strong><br \/>\n&#8211; Meilleure animation num\u00e9rique, projet personnel, GRAFIKA, Montr\u00e9al (CA), 2007<\/p>\n<p><strong>Technique:\u00a0<\/strong>\u00c9cran g\u00e9ant et cylindrique de 360 degr\u00e9s, son multicanal 8.1, 6 projecteurs, ordinateur<\/p>\n<p><strong>Dimensions:\u00a0<\/strong>Variable \/ cylindre : 610 cm rayon x 305 cm hauteur<\/p>\n<p><strong>Presse et documentation :<\/strong><br \/>\n&#8211; <a href=\"http:\/\/www.manuelchantre.com\/wp-content\/uploads\/2014\/08\/2006_Le_lien_multim\u00e9dia_Nicolas_Perrin_R\u00e9flexions_r\u00e9flections.pdf\" data-cke-saved-href=\"http:\/\/www.manuelchantre.com\/wp-content\/uploads\/2014\/08\/2006_Le_lien_multim\u00e9dia_Nicolas_Perrin_R\u00e9flexions_r\u00e9flections.pdf\">Article<\/a>, Le lien multim\u00e9dia, \u00abJohnny Ranger et Manuel Chantre pr\u00e9sentent R\u00e9flections\u2026R\u00e9flexions\u00bb, Nicolas Perrin, Montr\u00e9al (CA), 2006<br \/>\n&#8211;<a href=\"http:\/\/www.manuelchantre.com\/wp-content\/uploads\/2016\/08\/pdf.pdf\" target=\"_blank\" rel=\"noopener\" data-cke-saved-href=\" http:\/\/www.manuelchantre.com\/wp-content\/uploads\/2016\/08\/pdf.pdf\">Article <\/a>, Dream Mersion, Reflection\u2026Reflexions, Montr\u00e9al, (CA)<\/p>\n<p><strong>Cr\u00e9dits:\u00a0<\/strong>R\u00e9alisation, sc\u00e9nario, image, tournage, animation et montage: Jean Ranger \/ musique, son, enregistrement audio: Manuel Chantre \/ pr\u00e9sences en vid\u00e9o: Chanti Wadge, Luciane Pinto, Zoe Poluck, Jacob Cino \/ voix: Paulo Ramos, Luciane Pinto, Thais Stoclhol \/ maquette miniature de Rio de Janeiro: Louis Phillipe St-Arnault \/ images 3-D: Francis G\u00e9linas \/ prise de sons au Br\u00e9sil: Sylvain Bellemare et Pierre-\u00c9tienne Lessard \/photographie de maquette: Jean-Marc Abela \/ texte: Paulo Ramos Production en r\u00e9sidence \u00e0 la Soci\u00e9t\u00e9 des arts technologiques, Montr\u00e9al (CA)<\/p>\n<p><img loading=\"lazy\" decoding=\"async\" title=\"SAT_logo_fr\" src=\"http:\/\/www.manuelchantre.com\/wp-content\/uploads\/2014\/06\/SAT_logo_fr.jpg\" alt=\"SAT_logo_fr\" width=\"79\" height=\"50\" \/><\/p>\n<p><a href=\"http:\/\/www.tot.sat.qc.ca\/photos_e\/page_jranger\/reflexions.htm\">Site officiel<\/a><\/p>\n<p><!-- Google tag (gtag.js) --><br \/>\n<script async src=\"https:\/\/www.googletagmanager.com\/gtag\/js?id=G-G0RLQ9LR4N\"><\/script><br \/>\n<script>\n  window.dataLayer = window.dataLayer || [];\n  function gtag(){dataLayer.push(arguments);}\n  gtag('js', new Date());<\/p>\n<p>  gtag('config', 'G-G0RLQ9LR4N');\n<\/script><\/p>\n","protected":false},"excerpt":{"rendered":"<p>R\u00c9FLECTIONS&#8230; R\u00c9FLEXIONS Chantre a compos\u00e9 la musique et cr\u00e9\u00e9 la conception sonore pour le film R\u00e9flections&#8230;r\u00e9flection de Jean Ranger. \u00c0 travers une vision contemplative inspir\u00e9e librement de la ville de Rio de Janeiro viennent se greffer une s\u00e9rie de silhouettes, d\u2019entit\u00e9s organiques et d\u2019essences humaines coexistant dans de faux paysages. Le projet traite des ph\u00e9nom\u00e8nes<\/p>\n","protected":false},"author":1,"featured_media":0,"parent":0,"menu_order":0,"comment_status":"closed","ping_status":"open","template":"","meta":{"om_disable_all_campaigns":false,"_monsterinsights_skip_tracking":false,"_monsterinsights_sitenote_active":false,"_monsterinsights_sitenote_note":"","_monsterinsights_sitenote_category":0,"footnotes":""},"class_list":["post-2801","page","type-page","status-publish","hentry"],"aioseo_notices":[],"_links":{"self":[{"href":"http:\/\/www.manuelchantre.com\/fr\/wp-json\/wp\/v2\/pages\/2801","targetHints":{"allow":["GET"]}}],"collection":[{"href":"http:\/\/www.manuelchantre.com\/fr\/wp-json\/wp\/v2\/pages"}],"about":[{"href":"http:\/\/www.manuelchantre.com\/fr\/wp-json\/wp\/v2\/types\/page"}],"author":[{"embeddable":true,"href":"http:\/\/www.manuelchantre.com\/fr\/wp-json\/wp\/v2\/users\/1"}],"replies":[{"embeddable":true,"href":"http:\/\/www.manuelchantre.com\/fr\/wp-json\/wp\/v2\/comments?post=2801"}],"version-history":[{"count":12,"href":"http:\/\/www.manuelchantre.com\/fr\/wp-json\/wp\/v2\/pages\/2801\/revisions"}],"predecessor-version":[{"id":6515,"href":"http:\/\/www.manuelchantre.com\/fr\/wp-json\/wp\/v2\/pages\/2801\/revisions\/6515"}],"wp:attachment":[{"href":"http:\/\/www.manuelchantre.com\/fr\/wp-json\/wp\/v2\/media?parent=2801"}],"curies":[{"name":"wp","href":"https:\/\/api.w.org\/{rel}","templated":true}]}}