{"id":2795,"date":"2014-06-13T16:14:11","date_gmt":"2014-06-13T20:14:11","guid":{"rendered":"http:\/\/www.manuelchantre.com\/?page_id=2795"},"modified":"2023-10-27T16:04:32","modified_gmt":"2023-10-27T20:04:32","slug":"light-attraction-fr","status":"publish","type":"page","link":"http:\/\/www.manuelchantre.com\/fr\/light-attraction-fr\/","title":{"rendered":"Light Attraction"},"content":{"rendered":"<p><span style=\"font-size: 30px;\">LIGHT ATTRACTION<\/span><\/p>\n<p>L&rsquo;oeuvre est une performance et installation audio-lumineuse qui utilise des lumi\u00e8res puissantes pour sculpter l&rsquo;int\u00e9rieur d&rsquo;un prisme rectangulaire imposant et translucide. Une chor\u00e9graphie de masses de lumi\u00e8res est contr\u00f4l\u00e9e en direct afin de d\u00e9velopper une narration fictive et dramatique.<\/p>\n<p>Light attraction fait r\u00e9f\u00e9rence au ph\u00e9nom\u00e8ne d\u2019attraction des insectes nocturnes par la lumi\u00e8re :leur attirance impulsive et instinctive pour cette lumi\u00e8re qui leur est souvent fatale. Cet aspect met en sc\u00e8ne un ph\u00e9nom\u00e8ne biologique encore aujourd\u2019hui mal expliqu\u00e9 par les scientifiques.<\/p>\n<p>L&rsquo;oeuvre est une m\u00e9taphore des comportements impulsifs et \u00abobsessifs\u00bb de l\u2019\u00eatre humain. Un peu comme certains insectes qui s\u2019approchent de la lumi\u00e8re &#8211; pouss\u00e9s par leurs instincts &#8211; l\u2019\u00eatre humain se comporte de mani\u00e8re instinctive et impulsive, sans trop conna\u00eetre les raisons qui le motivent.<\/p>\n<p>Chantre veut raconter avec la lumi\u00e8re en proposant diff\u00e9rents \u00e9tats-tableaux. C&rsquo;est le relationsensorielle et physique du public \u00e0 la lumi\u00e8re qui est mis en sc\u00e8ne.<\/p>\n<p><strong>Presentation:<\/strong><br \/>\n&#8211; Lumifest, installation insitu, Longueil (CA), 2018<br \/>\n&#8211; Filux Festival, installation, Merida (MX), 2018<br \/>\n&#8211; Mois Multi, performance, Qu\u00e9bec (CA), 2012<\/p>\n<p><img loading=\"lazy\" decoding=\"async\" style=\"float: left;\" title=\"Logo-mois-multi\" src=\"http:\/\/www.manuelchantre.com\/wp-content\/uploads\/2014\/11\/Logo-mois-multi.jpg\" alt=\"Logo-mois-multi\" width=\"90\" height=\"64\" \/> <img loading=\"lazy\" decoding=\"async\" class=\"\" style=\"float: left;\" title=\"Logo-mois-multi\" src=\"http:\/\/www.manuelchantre.com\/wp-content\/uploads\/2014\/11\/logoeasternbloc.jpg\" width=\"83\" height=\"62\" \/> <img loading=\"lazy\" decoding=\"async\" class=\"\" style=\"float: left;\" title=\"Logo-mois-multi\" src=\"http:\/\/www.manuelchantre.com\/wp-content\/uploads\/2018\/01\/flx_logo.png\" width=\"69\" height=\"65\" \/><\/p>\n<p><iframe loading=\"lazy\" title=\"Light Attraction\" src=\"https:\/\/player.vimeo.com\/video\/47845563?dnt=1&amp;app_id=122963\" width=\"1170\" height=\"658\" frameborder=\"0\" allow=\"autoplay; fullscreen; picture-in-picture\"><\/iframe><\/p>\n<p><img decoding=\"async\" style=\"max-width: 100%;\" src=\"http:\/\/www.manuelchantre.com\/wp-content\/uploads\/2018\/01\/Light_Attraction_27_photocredit_Gabriel_Berber_crop.jpg\" \/><br \/>\nFilux M\u00e9rida, M\u00e9rida (MX), 2018. Photo: Gabriel Berber<br \/>\n<img decoding=\"async\" style=\"max-width: 100%;\" src=\"http:\/\/www.manuelchantre.com\/wp-content\/uploads\/2018\/01\/Light_Attraction_01_photo_credit_Isabel_Rancier_crop.jpg\" \/><br \/>\nMois Multi, performance, Qu\u00e9bec (CA), 2012. Photo: Isabel Rancier<br \/>\n<img decoding=\"async\" style=\"max-width: 100%;\" src=\"http:\/\/www.manuelchantre.com\/wp-content\/uploads\/2018\/01\/Light_Attraction_14_photocredit_Gabriel_Berber_crop.jpg\" \/><br \/>\nFilux M\u00e9rida, M\u00e9rida (MX), 2018. Photo: Gabriel Berber<br \/>\n<img decoding=\"async\" style=\"max-width: 100%;\" src=\"http:\/\/www.manuelchantre.com\/wp-content\/uploads\/2018\/01\/Light_Attraction_34_photo_credit_Lorena_Montiel_crop.jpg\" \/><br \/>\nFilux M\u00e9rida, M\u00e9rida (MX), 2018. Photo: Lorena Montiel<br \/>\n<img decoding=\"async\" style=\"max-width: 100%;\" src=\"http:\/\/www.manuelchantre.com\/wp-content\/uploads\/2018\/01\/Light_Attraction_22_photocredit_Gabriel_Berber_crop.jpg\" \/><br \/>\nFilux M\u00e9rida, M\u00e9rida (MX), 2018. Photo: Gabriel Berber<br \/>\n<img decoding=\"async\" style=\"max-width: 100%;\" src=\"http:\/\/www.manuelchantre.com\/wp-content\/uploads\/2018\/01\/Light_Attraction_20_photocredit_Gabriel_Berber_crop.jpg\" \/><br \/>\nFilux M\u00e9rida, M\u00e9rida (MX), 2018. Photo: Gabriel Berber<br \/>\n<img decoding=\"async\" style=\"max-width: 100%;\" src=\"http:\/\/www.manuelchantre.com\/wp-content\/uploads\/2018\/01\/Light_Attraction_01_photo_credit_Isabel_Rancier_crop.jpg\" \/><br \/>\nMois Multi, performance, Qu\u00e9bec (CA), 2012. Photo: Isabel Rancier<\/p>\n<p><strong>Cr\u00e9\u00e9 en 2011-2012<\/strong><\/p>\n<p><strong>Technique:\u00a0<\/strong>Toiles en plastique transparent, 10 tuyaux en acier, 4 lumi\u00e8res motoris\u00e9es, 2 lumi\u00e8res stroboscopiques, 2 machines \u00e0 brume, 4 haut-parleurs, 2 haut-parleurs de basse fr\u00e9quence, ordinateur, contr\u00f4leur MIDI, logiciel de musique, logiciel multim\u00e9dia et p\u00e9dale d&rsquo;effet audio.<\/p>\n<p><strong>Dimensions:\u00a0<\/strong>366 x 610 x 366 cm<\/p>\n<p><strong>Pr\u00e9sentations:<\/strong><br \/>\n&#8211; Filux Festival, installation, Merida (MX), 2018<br \/>\n&#8211; Mois Multi, performance, Qu\u00e9bec (CA), 2012<\/p>\n<p><strong>Presse et documentation :<\/strong><br \/>\n&#8211;\u00a0<a href=\"http:\/\/www.manuelchantre.com\/wp-content\/uploads\/2018\/02\/Filux-2018.pdf\" target=\"\" rel=\"noopener\">Article,<\/a>\u00a0Filux, Light Attraction, M\u00e9dida (MX), 2018<br \/>\n&#8211;\u00a0<a href=\"http:\/\/www.manuelchantre.com\/wp-content\/uploads\/2018\/02\/FILUX-M%C3%A9rida-Ciudad-Blanca-M%C3%A9rida-Fest-2018.pdf\" target=\"\" rel=\"noopener\">Mention,<\/a>\u00a0Focus M\u00e9rida, Light Attraction, M\u00e9rida (MX), 2018<br \/>\n&#8211; <a href=\"http:\/\/www.manuelchantre.com\/wp-content\/uploads\/2014\/09\/2013_Voir_Quebec_Light_attraction.jpg\">Article<\/a>, Voir Qu\u00e9bec, Julie Gagn\u00e9, Light attraction, Qu\u00e9bec (CA), 2013<br \/>\n&#8211; <a href=\"http:\/\/www.manuelchantre.com\/wp-content\/uploads\/2014\/09\/2013_quoifaireaquebec.com_light_attraction.pdf\">Mention<\/a>, Quoi faire \u00e0 Qu\u00e9bec, Light Attraction (Web), 2013<br \/>\n&#8211; <a href=\"https:\/\/soundcloud.com\/manuel-chantre\/entrevue-radio-ckrl-la-croche\">Entrevue audio<\/a>, CKRL, La croche oreille, Qu\u00e9bec (CA), 2013<br \/>\n&#8211; <a href=\"http:\/\/www.manuelchantre.com\/wp-content\/uploads\/2014\/08\/2012_le_devoir_light_attraction.pdf\">Mention<\/a>, Le Devoir, Jer\u00f4me Delgado, Light Attraction, Montr\u00e9al (CA), 2012<br \/>\n&#8211; <a href=\"http:\/\/www.manuelchantre.com\/wp-content\/uploads\/2014\/08\/2012_Sonsdofuturo_LightAttraction1-1.pdf\">Mention<\/a>, Sonsdofuturo, Chris Quites, Light Attraction (Web), 2012<br \/>\n&#8211; <a href=\"http:\/\/www.manuelchantre.com\/wp-content\/uploads\/2014\/08\/2012_Voir.ca_light_attraction.pdf\">Mention<\/a>, Voir.ca, Julie Gagn\u00e9, Light Attraction (Web), 2012<br \/>\n&#8211; <a href=\"http:\/\/youtu.be\/pGo5xqu7yKI\">Entrevue audio<\/a> Radio-Canada, C&rsquo;est bien meilleure matin, Marie-\u00c8ve Dumulong, Toronto (CA), 2012<br \/>\n&#8211; <a href=\"http:\/\/www.youtube.com\/watch?v=89I2Kom4rus\" target=\"_blank\" rel=\"noopener\"> Video<\/a> interview, Mois Multi, Qu\u00e9bec (CA), 2012<\/p>\n<p><strong>Cr\u00e9dits:<\/strong><br \/>\nMusique, lumi\u00e8re, programmation et conception: Manuel Chantre \/ Direction de production: Mateo Th\u00e9baudeau \u2013 Productions Recto-Verso \/ Consultant \u00e0 la programmation informatique: Thomas<br \/>\nOuellet Fr\u00e9d\u00e9ricks \/ Remerciements: Ga\u00ebtan Gosselin, Viviane Paradis, Mateo Th\u00e9baudeau, \u00c9mile Morain, l&rsquo;\u00e9quipe du Mois Multi, Jasmine Pisapia du Festival du Nouveau Cin\u00e9ma, Danny<br \/>\nPerreault, J\u00e9r\u00f4me Arseneault, Francis Pineau.<\/p>\n<p>Une production de Mois Multi et Recto-Verso<\/p>\n<p><img loading=\"lazy\" decoding=\"async\" title=\"logo-recto-verso\" src=\"http:\/\/www.manuelchantre.com\/wp-content\/uploads\/2014\/11\/logoeasternbloc.jpg\" alt=\"logo-recto-verso\" width=\"65\" height=\"40\" \/> <img loading=\"lazy\" decoding=\"async\" title=\"Logo-mois-multi\" src=\"http:\/\/www.manuelchantre.com\/wp-content\/uploads\/2014\/11\/Logo-mois-multi.jpg\" alt=\"Logo-mois-multi\" width=\"60\" height=\"30\" \/><\/p>\n<p><!-- Google tag (gtag.js) --><br \/>\n<script async src=\"https:\/\/www.googletagmanager.com\/gtag\/js?id=G-G0RLQ9LR4N\"><\/script><br \/>\n<script>\n  window.dataLayer = window.dataLayer || [];\n  function gtag(){dataLayer.push(arguments);}\n  gtag('js', new Date());<\/p>\n<p>  gtag('config', 'G-G0RLQ9LR4N');\n<\/script><\/p>\n","protected":false},"excerpt":{"rendered":"<p>LIGHT ATTRACTION L&rsquo;oeuvre est une performance et installation audio-lumineuse qui utilise des lumi\u00e8res puissantes pour sculpter l&rsquo;int\u00e9rieur d&rsquo;un prisme rectangulaire imposant et translucide. Une chor\u00e9graphie de masses de lumi\u00e8res est contr\u00f4l\u00e9e en direct afin de d\u00e9velopper une narration fictive et dramatique. Light attraction fait r\u00e9f\u00e9rence au ph\u00e9nom\u00e8ne d\u2019attraction des insectes nocturnes par la lumi\u00e8re :leur<\/p>\n","protected":false},"author":1,"featured_media":0,"parent":0,"menu_order":0,"comment_status":"closed","ping_status":"open","template":"","meta":{"om_disable_all_campaigns":false,"_monsterinsights_skip_tracking":false,"_monsterinsights_sitenote_active":false,"_monsterinsights_sitenote_note":"","_monsterinsights_sitenote_category":0,"footnotes":""},"class_list":["post-2795","page","type-page","status-publish","hentry"],"aioseo_notices":[],"_links":{"self":[{"href":"http:\/\/www.manuelchantre.com\/fr\/wp-json\/wp\/v2\/pages\/2795","targetHints":{"allow":["GET"]}}],"collection":[{"href":"http:\/\/www.manuelchantre.com\/fr\/wp-json\/wp\/v2\/pages"}],"about":[{"href":"http:\/\/www.manuelchantre.com\/fr\/wp-json\/wp\/v2\/types\/page"}],"author":[{"embeddable":true,"href":"http:\/\/www.manuelchantre.com\/fr\/wp-json\/wp\/v2\/users\/1"}],"replies":[{"embeddable":true,"href":"http:\/\/www.manuelchantre.com\/fr\/wp-json\/wp\/v2\/comments?post=2795"}],"version-history":[{"count":18,"href":"http:\/\/www.manuelchantre.com\/fr\/wp-json\/wp\/v2\/pages\/2795\/revisions"}],"predecessor-version":[{"id":6508,"href":"http:\/\/www.manuelchantre.com\/fr\/wp-json\/wp\/v2\/pages\/2795\/revisions\/6508"}],"wp:attachment":[{"href":"http:\/\/www.manuelchantre.com\/fr\/wp-json\/wp\/v2\/media?parent=2795"}],"curies":[{"name":"wp","href":"https:\/\/api.w.org\/{rel}","templated":true}]}}